{"id":1173,"date":"2023-07-04T09:15:24","date_gmt":"2023-07-04T15:15:24","guid":{"rendered":"https:\/\/vidra.bio\/?page_id=1173"},"modified":"2024-07-04T17:10:37","modified_gmt":"2024-07-04T23:10:37","slug":"nosotros","status":"publish","type":"page","link":"https:\/\/vidra.bio\/es\/nosotros\/","title":{"rendered":"Nosotros"},"content":{"rendered":"<section class=\"wpb-content-wrapper\"><div data-vc-full-width=\"true\" data-vc-full-width-init=\"false\" class=\"vc_row wpb_row vc_row-fluid vc_custom_1688483885542 vc_row-has-fill bg-image-ps-inherit no-bg-fixed\"><div class=\"wpb_column vc_column_container vc_col-sm-12\"><div class=\"vc_column-inner vc_custom_1541046861726\"><div class=\"wpb_wrapper\"><h1 style=\"font-size: 57px;color: #ffffff;text-align: center;font-family:filson-pro-book;font-weight:400;font-style:normal\" class=\"vc_custom_heading\" >Nosotros<\/h1><\/div><\/div><\/div><\/div><div class=\"vc_row-full-width vc_clearfix\"><\/div><div data-vc-full-width=\"true\" data-vc-full-width-init=\"false\" class=\"vc_row wpb_row vc_row-fluid vc_custom_1688487279737 vc_row-has-fill bg-image-ps-inherit no-bg-fixed\"><div class=\"wpb_column vc_column_container vc_col-sm-4 vc_hidden-xs\"><div class=\"vc_column-inner\"><div class=\"wpb_wrapper\"><div class=\"vc_empty_space\"   style=\"height: 32px\"><span class=\"vc_empty_space_inner\"><\/span><\/div>\n\t<div  class=\"wpb_single_image wpb_content_element vc_align_left  inherit inherit\">\n\t\t\n\t\t<figure class=\"wpb_wrapper vc_figure\">\n\t\t\t<div class=\"vc_single_image-wrapper default  vc_box_border_grey\"><img decoding=\"async\" width=\"233\" height=\"151\" data-src=\"https:\/\/vidra.bio\/wp-content\/uploads\/2023\/07\/logo-vidra-nosotros.png\" class=\"vc_single_image-img attachment-full lazyload\" alt=\"\" title=\"logo-vidra-nosotros\" src=\"data:image\/svg+xml;base64,PHN2ZyB3aWR0aD0iMSIgaGVpZ2h0PSIxIiB4bWxucz0iaHR0cDovL3d3dy53My5vcmcvMjAwMC9zdmciPjwvc3ZnPg==\" style=\"--smush-placeholder-width: 233px; --smush-placeholder-aspect-ratio: 233\/151;\" \/><\/div>\n\t\t<\/figure>\n\t<\/div>\n\n\t<div class=\"wpb_text_column wpb_content_element  vc_custom_1691707584737\" >\n\t\t<div class=\"wpb_wrapper\">\n\t\t\t<p style=\"text-align: justify;\"><span style=\"font-family: filson-pro-book; font-size: 18pt; color: #ffffff;\">Queremos mejorar el futuro de la agricultura y la vida de las personas, somos Vidra, una marca 100% mexicana de soluciones biorracionales con alto desarrollo tecnol\u00f3gico. <\/span><\/p>\n<p style=\"text-align: justify;\"><span style=\"font-family: filson-pro-book; font-size: 18pt; color: #ffffff;\">Estamos comprometidos con el crecimiento sostenible del campo, por ello trabajamos al lado de los agricultores para lograr un futuro con mejores alimentos para todos. <\/span><\/p>\n<p style=\"text-align: justify;\"><span style=\"font-family: filson-pro-book; font-size: 18pt; color: #ffffff;\">Comun\u00edcate con nosotros hoy mismo y empecemos a trabajar juntos por un mundo mejor y m\u00e1s sostenible para todos.<\/span><\/p>\n\n\t\t<\/div>\n\t<\/div>\n<div class=\"vc_empty_space\"   style=\"height: 32px\"><span class=\"vc_empty_space_inner\"><\/span><\/div><\/div><\/div><\/div><div class=\"wpb_column vc_column_container vc_col-sm-8 vc_hidden-xs\"><div class=\"vc_column-inner\"><div class=\"wpb_wrapper\"><\/div><\/div><\/div><\/div><div class=\"vc_row-full-width vc_clearfix\"><\/div><div data-vc-full-width=\"true\" data-vc-full-width-init=\"false\" class=\"vc_row wpb_row vc_row-fluid vc_custom_1688487506194 vc_row-has-fill bg-image-ps-inherit no-bg-fixed\"><div class=\"wpb_column vc_column_container vc_col-sm-2\"><div class=\"vc_column-inner\"><div class=\"wpb_wrapper\"><\/div><\/div><\/div><div class=\"wpb_column vc_column_container vc_col-sm-8 vc_hidden-lg vc_hidden-md vc_hidden-sm vc_col-has-fill\"><div class=\"vc_column-inner vc_custom_1688485297457\"><div class=\"wpb_wrapper\"><div class=\"vc_empty_space\"   style=\"height: 32px\"><span class=\"vc_empty_space_inner\"><\/span><\/div>\n\t<div  class=\"wpb_single_image wpb_content_element vc_align_left  inherit inherit\">\n\t\t\n\t\t<figure class=\"wpb_wrapper vc_figure\">\n\t\t\t<div class=\"vc_single_image-wrapper default  vc_box_border_grey\"><img decoding=\"async\" width=\"233\" height=\"151\" data-src=\"https:\/\/vidra.bio\/wp-content\/uploads\/2023\/07\/logo-vidra-nosotros.png\" class=\"vc_single_image-img attachment-full lazyload\" alt=\"\" title=\"logo-vidra-nosotros\" src=\"data:image\/svg+xml;base64,PHN2ZyB3aWR0aD0iMSIgaGVpZ2h0PSIxIiB4bWxucz0iaHR0cDovL3d3dy53My5vcmcvMjAwMC9zdmciPjwvc3ZnPg==\" style=\"--smush-placeholder-width: 233px; --smush-placeholder-aspect-ratio: 233\/151;\" \/><\/div>\n\t\t<\/figure>\n\t<\/div>\n\n\t<div class=\"wpb_text_column wpb_content_element \" >\n\t\t<div class=\"wpb_wrapper\">\n\t\t\t<p style=\"text-align: left;\"><span style=\"font-family: filson-pro-book; font-size: 16pt; color: #ffffff;\">Queremos mejorar el futuro de la agricultura y la vida de las personas, somos Vidra, una marca 100% mexicana de soluciones biorracionales con alto desarrollo tecnol\u00f3gico. <\/span><\/p>\n<p style=\"text-align: left;\"><span style=\"font-family: filson-pro-book; font-size: 16pt; color: #ffffff;\">Estamos comprometidos con el crecimiento sostenible del campo, por ello trabajamos al lado de los agricultores para lograr un futuro con mejores alimentos para todos. <\/span><\/p>\n<p style=\"text-align: left;\"><span style=\"font-family: filson-pro-book; font-size: 16pt; color: #ffffff;\">Comun\u00edcate con nosotros hoy mismo y empecemos a trabajar juntos por un mundo mejor y m\u00e1s sostenible para todos.<\/span><\/p>\n\n\t\t<\/div>\n\t<\/div>\n<\/div><\/div><\/div><div class=\"wpb_column vc_column_container vc_col-sm-2\"><div class=\"vc_column-inner\"><div class=\"wpb_wrapper\"><\/div><\/div><\/div><\/div><div class=\"vc_row-full-width vc_clearfix\"><\/div><div data-vc-full-width=\"true\" data-vc-full-width-init=\"false\" data-vc-stretch-content=\"true\" class=\"vc_row wpb_row vc_row-fluid vc_custom_1688489711251 vc_row-has-fill vc_row-no-padding bg-image-ps-inherit no-bg-fixed\"><div class=\"wpb_column vc_column_container vc_col-sm-12\"><div class=\"vc_column-inner\"><div class=\"wpb_wrapper\"><div class=\"vc_row wpb_row vc_inner vc_row-fluid bg-image-ps-inherit no-bg-fixed\"><div class=\"wpb_column vc_column_container vc_col-sm-4\"><div class=\"vc_column-inner\"><div class=\"wpb_wrapper\">\n\t<div  class=\"wpb_single_image wpb_content_element vc_align_left  inherit inherit\">\n\t\t\n\t\t<figure class=\"wpb_wrapper vc_figure\">\n\t\t\t<div class=\"vc_single_image-wrapper default  vc_box_border_grey\"><img decoding=\"async\" width=\"617\" height=\"220\" data-src=\"https:\/\/vidra.bio\/wp-content\/uploads\/2023\/07\/flecha-soluciones.png\" class=\"vc_single_image-img attachment-full lazyload\" alt=\"\" title=\"flecha-soluciones\" src=\"data:image\/svg+xml;base64,PHN2ZyB3aWR0aD0iMSIgaGVpZ2h0PSIxIiB4bWxucz0iaHR0cDovL3d3dy53My5vcmcvMjAwMC9zdmciPjwvc3ZnPg==\" style=\"--smush-placeholder-width: 617px; --smush-placeholder-aspect-ratio: 617\/220;\" \/><\/div>\n\t\t<\/figure>\n\t<\/div>\n<\/div><\/div><\/div><div class=\"wpb_column vc_column_container vc_col-sm-4\"><div class=\"vc_column-inner\"><div class=\"wpb_wrapper\"><h2 style=\"font-size: 50px;color: #ffffff;text-align: center;font-family:filson-pro-bold;font-weight:400;font-style:normal\" class=\"vc_custom_heading\" >Filosof\u00eda<\/h2><\/div><\/div><\/div><div class=\"wpb_column vc_column_container vc_col-sm-4\"><div class=\"vc_column-inner\"><div class=\"wpb_wrapper\"><\/div><\/div><\/div><\/div><\/div><\/div><\/div><\/div><div class=\"vc_row-full-width vc_clearfix\"><\/div><div data-vc-full-width=\"true\" data-vc-full-width-init=\"false\" class=\"vc_row wpb_row vc_row-fluid vc_custom_1688489169828 vc_row-has-fill bg-image-ps-inherit no-bg-fixed\"><div class=\"wpb_column vc_column_container vc_col-sm-6\"><div class=\"vc_column-inner\"><div class=\"wpb_wrapper\"><div class=\"vc_row wpb_row vc_inner vc_row-fluid bg-image-ps-inherit no-bg-fixed\"><div class=\"wpb_column vc_column_container vc_col-sm-3\"><div class=\"vc_column-inner\"><div class=\"wpb_wrapper\"><\/div><\/div><\/div><div class=\"wpb_column vc_column_container vc_col-sm-9\"><div class=\"vc_column-inner\"><div class=\"wpb_wrapper\"><h2 style=\"font-size: 50px;color: #708e41;text-align: left;font-family:filson-pro-bold;font-weight:400;font-style:normal\" class=\"vc_custom_heading vc_custom_1688488905636\" >Visi\u00f3n<\/h2><\/div><\/div><\/div><\/div>\n\t<div class=\"wpb_text_column wpb_content_element \" >\n\t\t<div class=\"wpb_wrapper\">\n\t\t\t<p><span style=\"font-family: filson-pro-book; font-size: 17pt; color: #ffffff;\"><img decoding=\"async\" class=\"size-full wp-image-1226 alignleft lazyload\" data-src=\"http:\/\/vidra.bio\/wp-content\/uploads\/2023\/07\/icon-vision.png\" alt=\"\" width=\"145\" height=\"145\" src=\"data:image\/svg+xml;base64,PHN2ZyB3aWR0aD0iMSIgaGVpZ2h0PSIxIiB4bWxucz0iaHR0cDovL3d3dy53My5vcmcvMjAwMC9zdmciPjwvc3ZnPg==\" style=\"--smush-placeholder-width: 145px; --smush-placeholder-aspect-ratio: 145\/145;\" \/>Satisfacer al productor agr\u00edcola con soluciones biorracionales de vanguardia y servicios de excelencia, que le permitan mantener la inocuidad e incrementar el rendimiento y la calidad de sus cosechas.<\/span><\/p>\n\n\t\t<\/div>\n\t<\/div>\n<\/div><\/div><\/div><div class=\"wpb_column vc_column_container vc_col-sm-6\"><div class=\"vc_column-inner\"><div class=\"wpb_wrapper\"><div class=\"vc_row wpb_row vc_inner vc_row-fluid bg-image-ps-inherit no-bg-fixed\"><div class=\"wpb_column vc_column_container vc_col-sm-3\"><div class=\"vc_column-inner\"><div class=\"wpb_wrapper\"><\/div><\/div><\/div><div class=\"wpb_column vc_column_container vc_col-sm-9\"><div class=\"vc_column-inner\"><div class=\"wpb_wrapper\"><h2 style=\"font-size: 50px;color: #708e41;text-align: left;font-family:filson-pro-bold;font-weight:400;font-style:normal\" class=\"vc_custom_heading vc_custom_1688488964216\" >Misi\u00f3n<\/h2><\/div><\/div><\/div><\/div>\n\t<div class=\"wpb_text_column wpb_content_element \" >\n\t\t<div class=\"wpb_wrapper\">\n\t\t\t<p><span style=\"font-family: filson-pro-book; font-size: 17pt; color: #ffffff;\"><img decoding=\"async\" class=\"wp-image-1227 size-full alignleft lazyload\" data-src=\"http:\/\/vidra.bio\/wp-content\/uploads\/2023\/07\/icon-mision.png\" alt=\"\" width=\"145\" height=\"145\" src=\"data:image\/svg+xml;base64,PHN2ZyB3aWR0aD0iMSIgaGVpZ2h0PSIxIiB4bWxucz0iaHR0cDovL3d3dy53My5vcmcvMjAwMC9zdmciPjwvc3ZnPg==\" style=\"--smush-placeholder-width: 145px; --smush-placeholder-aspect-ratio: 145\/145;\" \/>Ser reconocidos como una empresa innovadora por la generaci\u00f3n de valor para agricultores y asociados de negocios. Nos distinguimos por ser miembros responsables de la sociedad en la que trabajamos y vivimos. <\/span><\/p>\n\n\t\t<\/div>\n\t<\/div>\n<\/div><\/div><\/div><\/div><div class=\"vc_row-full-width vc_clearfix\"><\/div><div class=\"vc_row wpb_row vc_row-fluid bg-image-ps-inherit no-bg-fixed\"><div class=\"wpb_column vc_column_container vc_col-sm-12\"><div class=\"vc_column-inner\"><div class=\"wpb_wrapper\"><div class=\"vc_empty_space\"   style=\"height: 45px\"><span class=\"vc_empty_space_inner\"><\/span><\/div><h2 style=\"font-size: 50px;color: #0e7178;text-align: center;font-family:filson-pro-bold;font-weight:400;font-style:normal\" class=\"vc_custom_heading\" >Pilares<\/h2><div class=\"vc_empty_space\"   style=\"height: 32px\"><span class=\"vc_empty_space_inner\"><\/span><\/div><div class=\"vc_row wpb_row vc_inner vc_row-fluid bg-image-ps-inherit no-bg-fixed\"><div class=\"wpb_column vc_column_container vc_col-sm-3\"><div class=\"vc_column-inner\"><div class=\"wpb_wrapper\">\n\t<div  class=\"wpb_single_image wpb_content_element vc_align_center  inherit inherit\">\n\t\t\n\t\t<figure class=\"wpb_wrapper vc_figure\">\n\t\t\t<div class=\"vc_single_image-wrapper default  vc_box_border_grey\"><img decoding=\"async\" width=\"150\" height=\"150\" data-src=\"https:\/\/vidra.bio\/wp-content\/uploads\/2023\/07\/icon-desarrollo.png\" class=\"vc_single_image-img attachment-full lazyload\" alt=\"\" title=\"icon-desarrollo\" src=\"data:image\/svg+xml;base64,PHN2ZyB3aWR0aD0iMSIgaGVpZ2h0PSIxIiB4bWxucz0iaHR0cDovL3d3dy53My5vcmcvMjAwMC9zdmciPjwvc3ZnPg==\" style=\"--smush-placeholder-width: 150px; --smush-placeholder-aspect-ratio: 150\/150;\" \/><\/div>\n\t\t<\/figure>\n\t<\/div>\n\n\t<div class=\"wpb_text_column wpb_content_element \" >\n\t\t<div class=\"wpb_wrapper\">\n\t\t\t<p style=\"text-align: center;\"><span style=\"font-family: filson-pro; font-size: 23pt; color: #0e7178;\">Desarrollo tecnol\u00f3gico responsable<\/span><\/p>\n\n\t\t<\/div>\n\t<\/div>\n<\/div><\/div><\/div><div class=\"wpb_column vc_column_container vc_col-sm-3\"><div class=\"vc_column-inner\"><div class=\"wpb_wrapper\">\n\t<div  class=\"wpb_single_image wpb_content_element vc_align_center  inherit inherit\">\n\t\t\n\t\t<figure class=\"wpb_wrapper vc_figure\">\n\t\t\t<div class=\"vc_single_image-wrapper default  vc_box_border_grey\"><img decoding=\"async\" width=\"150\" height=\"150\" data-src=\"https:\/\/vidra.bio\/wp-content\/uploads\/2023\/07\/icon-asesoramiento.png\" class=\"vc_single_image-img attachment-full lazyload\" alt=\"\" title=\"icon-asesoramiento\" src=\"data:image\/svg+xml;base64,PHN2ZyB3aWR0aD0iMSIgaGVpZ2h0PSIxIiB4bWxucz0iaHR0cDovL3d3dy53My5vcmcvMjAwMC9zdmciPjwvc3ZnPg==\" style=\"--smush-placeholder-width: 150px; --smush-placeholder-aspect-ratio: 150\/150;\" \/><\/div>\n\t\t<\/figure>\n\t<\/div>\n\n\t<div class=\"wpb_text_column wpb_content_element \" >\n\t\t<div class=\"wpb_wrapper\">\n\t\t\t<p style=\"text-align: center;\"><span style=\"font-family: filson-pro; font-size: 23pt; color: #0e7178;\">Asesoramiento t\u00e9cnico<\/span><\/p>\n\n\t\t<\/div>\n\t<\/div>\n<\/div><\/div><\/div><div class=\"wpb_column vc_column_container vc_col-sm-3\"><div class=\"vc_column-inner\"><div class=\"wpb_wrapper\">\n\t<div  class=\"wpb_single_image wpb_content_element vc_align_center  inherit inherit\">\n\t\t\n\t\t<figure class=\"wpb_wrapper vc_figure\">\n\t\t\t<div class=\"vc_single_image-wrapper default  vc_box_border_grey\"><img decoding=\"async\" width=\"150\" height=\"150\" data-src=\"https:\/\/vidra.bio\/wp-content\/uploads\/2023\/07\/icon-portafolio.png\" class=\"vc_single_image-img attachment-full lazyload\" alt=\"\" title=\"icon-portafolio\" src=\"data:image\/svg+xml;base64,PHN2ZyB3aWR0aD0iMSIgaGVpZ2h0PSIxIiB4bWxucz0iaHR0cDovL3d3dy53My5vcmcvMjAwMC9zdmciPjwvc3ZnPg==\" style=\"--smush-placeholder-width: 150px; --smush-placeholder-aspect-ratio: 150\/150;\" \/><\/div>\n\t\t<\/figure>\n\t<\/div>\n\n\t<div class=\"wpb_text_column wpb_content_element \" >\n\t\t<div class=\"wpb_wrapper\">\n\t\t\t<p style=\"text-align: center;\"><span style=\"font-family: filson-pro; font-size: 23pt; color: #0e7178;\">Portafolio especializado<\/span><\/p>\n\n\t\t<\/div>\n\t<\/div>\n<\/div><\/div><\/div><div class=\"wpb_column vc_column_container vc_col-sm-3\"><div class=\"vc_column-inner\"><div class=\"wpb_wrapper\">\n\t<div  class=\"wpb_single_image wpb_content_element vc_align_center  inherit inherit\">\n\t\t\n\t\t<figure class=\"wpb_wrapper vc_figure\">\n\t\t\t<div class=\"vc_single_image-wrapper default  vc_box_border_grey\"><img decoding=\"async\" width=\"150\" height=\"150\" data-src=\"https:\/\/vidra.bio\/wp-content\/uploads\/2023\/07\/icon-conocimiento.png\" class=\"vc_single_image-img attachment-full lazyload\" alt=\"\" title=\"icon-conocimiento\" src=\"data:image\/svg+xml;base64,PHN2ZyB3aWR0aD0iMSIgaGVpZ2h0PSIxIiB4bWxucz0iaHR0cDovL3d3dy53My5vcmcvMjAwMC9zdmciPjwvc3ZnPg==\" style=\"--smush-placeholder-width: 150px; --smush-placeholder-aspect-ratio: 150\/150;\" \/><\/div>\n\t\t<\/figure>\n\t<\/div>\n\n\t<div class=\"wpb_text_column wpb_content_element \" >\n\t\t<div class=\"wpb_wrapper\">\n\t\t\t<p style=\"text-align: center;\"><span style=\"font-family: filson-pro; font-size: 23pt; color: #0e7178;\">Conocimiento y experiencia<\/span><\/p>\n\n\t\t<\/div>\n\t<\/div>\n<\/div><\/div><\/div><\/div><div class=\"vc_empty_space\"   style=\"height: 45px\"><span class=\"vc_empty_space_inner\"><\/span><\/div><\/div><\/div><\/div><\/div>\n<\/section>","protected":false},"excerpt":{"rendered":"Nosotros Queremos mejorar el futuro de la agricultura y la vida de las personas, somos Vidra, una marca 100% mexicana de soluciones biorracionales con alto desarrollo tecnol\u00f3gico. Estamos comprometidos con el crecimiento sostenible del campo, por ello trabajamos al lado de los agricultores para lograr un futuro con mejores alimentos para todos. Comun\u00edcate con nosotros [...]","protected":false},"author":2,"featured_media":0,"parent":0,"menu_order":0,"comment_status":"closed","ping_status":"closed","template":"","meta":{"_joinchat":[],"footnotes":""},"class_list":["post-1173","page","type-page","status-publish","hentry"],"yoast_head":"<!-- This site is optimized with the Yoast SEO plugin v26.0 - https:\/\/yoast.com\/wordpress\/plugins\/seo\/ -->\n<title>Nosotros | Vidra Soluciones Biorracionales<\/title>\n<meta name=\"description\" content=\"Somos Vidra, una empresa 100% mexicana de soluciones biorracionales con alto desarrollo tecnol\u00f3gico. Vidra es una empresa con desarrollo tecnol\u00f3gico responsable, Asesoramiento t\u00e9cnico, Portafolio especializado, Conocimiento y experiencia.\" \/>\n<meta name=\"robots\" content=\"index, follow, max-snippet:-1, max-image-preview:large, max-video-preview:-1\" \/>\n<link rel=\"canonical\" href=\"https:\/\/vidra.bio\/es\/nosotros\/\" \/>\n<meta property=\"og:locale\" content=\"es_MX\" \/>\n<meta property=\"og:type\" content=\"article\" \/>\n<meta property=\"og:title\" content=\"Nosotros | Vidra Soluciones Biorracionales\" \/>\n<meta property=\"og:description\" content=\"Somos Vidra, una empresa 100% mexicana de soluciones biorracionales con alto desarrollo tecnol\u00f3gico. Vidra es una empresa con desarrollo tecnol\u00f3gico responsable, Asesoramiento t\u00e9cnico, Portafolio especializado, Conocimiento y experiencia.\" \/>\n<meta property=\"og:url\" content=\"https:\/\/vidra.bio\/es\/nosotros\/\" \/>\n<meta property=\"og:site_name\" content=\"Vidra\" \/>\n<meta property=\"article:modified_time\" content=\"2024-07-04T23:10:37+00:00\" \/>\n<meta property=\"og:image\" content=\"http:\/\/vidra.bio\/wp-content\/uploads\/2023\/07\/icon-vision.png\" \/>\n<meta name=\"twitter:card\" content=\"summary_large_image\" \/>\n<meta name=\"twitter:label1\" content=\"Tiempo de lectura\" \/>\n\t<meta name=\"twitter:data1\" content=\"3 minutos\" \/>\n<script type=\"application\/ld+json\" class=\"yoast-schema-graph\">{\"@context\":\"https:\/\/schema.org\",\"@graph\":[{\"@type\":\"WebPage\",\"@id\":\"https:\/\/vidra.bio\/es\/nosotros\/\",\"url\":\"https:\/\/vidra.bio\/es\/nosotros\/\",\"name\":\"Nosotros | Vidra Soluciones Biorracionales\",\"isPartOf\":{\"@id\":\"https:\/\/vidra.bio\/es\/#website\"},\"primaryImageOfPage\":{\"@id\":\"https:\/\/vidra.bio\/es\/nosotros\/#primaryimage\"},\"image\":{\"@id\":\"https:\/\/vidra.bio\/es\/nosotros\/#primaryimage\"},\"thumbnailUrl\":\"http:\/\/vidra.bio\/wp-content\/uploads\/2023\/07\/icon-vision.png\",\"datePublished\":\"2023-07-04T15:15:24+00:00\",\"dateModified\":\"2024-07-04T23:10:37+00:00\",\"description\":\"Somos Vidra, una empresa 100% mexicana de soluciones biorracionales con alto desarrollo tecnol\u00f3gico. Vidra es una empresa con desarrollo tecnol\u00f3gico responsable, Asesoramiento t\u00e9cnico, Portafolio especializado, Conocimiento y experiencia.\",\"breadcrumb\":{\"@id\":\"https:\/\/vidra.bio\/es\/nosotros\/#breadcrumb\"},\"inLanguage\":\"es\",\"potentialAction\":[{\"@type\":\"ReadAction\",\"target\":[\"https:\/\/vidra.bio\/es\/nosotros\/\"]}]},{\"@type\":\"ImageObject\",\"inLanguage\":\"es\",\"@id\":\"https:\/\/vidra.bio\/es\/nosotros\/#primaryimage\",\"url\":\"http:\/\/vidra.bio\/wp-content\/uploads\/2023\/07\/icon-vision.png\",\"contentUrl\":\"http:\/\/vidra.bio\/wp-content\/uploads\/2023\/07\/icon-vision.png\"},{\"@type\":\"BreadcrumbList\",\"@id\":\"https:\/\/vidra.bio\/es\/nosotros\/#breadcrumb\",\"itemListElement\":[{\"@type\":\"ListItem\",\"position\":1,\"name\":\"Portada\",\"item\":\"https:\/\/vidra.bio\/es\/\"},{\"@type\":\"ListItem\",\"position\":2,\"name\":\"Nosotros\"}]},{\"@type\":\"WebSite\",\"@id\":\"https:\/\/vidra.bio\/es\/#website\",\"url\":\"https:\/\/vidra.bio\/es\/\",\"name\":\"Vidra\",\"description\":\"Innovaci\u00f3n para el buen rendimiento de tu cultivo\",\"potentialAction\":[{\"@type\":\"SearchAction\",\"target\":{\"@type\":\"EntryPoint\",\"urlTemplate\":\"https:\/\/vidra.bio\/es\/?s={search_term_string}\"},\"query-input\":{\"@type\":\"PropertyValueSpecification\",\"valueRequired\":true,\"valueName\":\"search_term_string\"}}],\"inLanguage\":\"es\"}]}<\/script>\n<!-- \/ Yoast SEO plugin. -->","yoast_head_json":{"title":"Nosotros | Vidra Soluciones Biorracionales","description":"Somos Vidra, una empresa 100% mexicana de soluciones biorracionales con alto desarrollo tecnol\u00f3gico. Vidra es una empresa con desarrollo tecnol\u00f3gico responsable, Asesoramiento t\u00e9cnico, Portafolio especializado, Conocimiento y experiencia.","robots":{"index":"index","follow":"follow","max-snippet":"max-snippet:-1","max-image-preview":"max-image-preview:large","max-video-preview":"max-video-preview:-1"},"canonical":"https:\/\/vidra.bio\/es\/nosotros\/","og_locale":"es_MX","og_type":"article","og_title":"Nosotros | Vidra Soluciones Biorracionales","og_description":"Somos Vidra, una empresa 100% mexicana de soluciones biorracionales con alto desarrollo tecnol\u00f3gico. Vidra es una empresa con desarrollo tecnol\u00f3gico responsable, Asesoramiento t\u00e9cnico, Portafolio especializado, Conocimiento y experiencia.","og_url":"https:\/\/vidra.bio\/es\/nosotros\/","og_site_name":"Vidra","article_modified_time":"2024-07-04T23:10:37+00:00","og_image":[{"url":"http:\/\/vidra.bio\/wp-content\/uploads\/2023\/07\/icon-vision.png","type":"","width":"","height":""}],"twitter_card":"summary_large_image","twitter_misc":{"Tiempo de lectura":"3 minutos"},"schema":{"@context":"https:\/\/schema.org","@graph":[{"@type":"WebPage","@id":"https:\/\/vidra.bio\/es\/nosotros\/","url":"https:\/\/vidra.bio\/es\/nosotros\/","name":"Nosotros | Vidra Soluciones Biorracionales","isPartOf":{"@id":"https:\/\/vidra.bio\/es\/#website"},"primaryImageOfPage":{"@id":"https:\/\/vidra.bio\/es\/nosotros\/#primaryimage"},"image":{"@id":"https:\/\/vidra.bio\/es\/nosotros\/#primaryimage"},"thumbnailUrl":"http:\/\/vidra.bio\/wp-content\/uploads\/2023\/07\/icon-vision.png","datePublished":"2023-07-04T15:15:24+00:00","dateModified":"2024-07-04T23:10:37+00:00","description":"Somos Vidra, una empresa 100% mexicana de soluciones biorracionales con alto desarrollo tecnol\u00f3gico. Vidra es una empresa con desarrollo tecnol\u00f3gico responsable, Asesoramiento t\u00e9cnico, Portafolio especializado, Conocimiento y experiencia.","breadcrumb":{"@id":"https:\/\/vidra.bio\/es\/nosotros\/#breadcrumb"},"inLanguage":"es","potentialAction":[{"@type":"ReadAction","target":["https:\/\/vidra.bio\/es\/nosotros\/"]}]},{"@type":"ImageObject","inLanguage":"es","@id":"https:\/\/vidra.bio\/es\/nosotros\/#primaryimage","url":"http:\/\/vidra.bio\/wp-content\/uploads\/2023\/07\/icon-vision.png","contentUrl":"http:\/\/vidra.bio\/wp-content\/uploads\/2023\/07\/icon-vision.png"},{"@type":"BreadcrumbList","@id":"https:\/\/vidra.bio\/es\/nosotros\/#breadcrumb","itemListElement":[{"@type":"ListItem","position":1,"name":"Portada","item":"https:\/\/vidra.bio\/es\/"},{"@type":"ListItem","position":2,"name":"Nosotros"}]},{"@type":"WebSite","@id":"https:\/\/vidra.bio\/es\/#website","url":"https:\/\/vidra.bio\/es\/","name":"Vidra","description":"Innovaci\u00f3n para el buen rendimiento de tu cultivo","potentialAction":[{"@type":"SearchAction","target":{"@type":"EntryPoint","urlTemplate":"https:\/\/vidra.bio\/es\/?s={search_term_string}"},"query-input":{"@type":"PropertyValueSpecification","valueRequired":true,"valueName":"search_term_string"}}],"inLanguage":"es"}]}},"_links":{"self":[{"href":"https:\/\/vidra.bio\/es\/wp-json\/wp\/v2\/pages\/1173","targetHints":{"allow":["GET"]}}],"collection":[{"href":"https:\/\/vidra.bio\/es\/wp-json\/wp\/v2\/pages"}],"about":[{"href":"https:\/\/vidra.bio\/es\/wp-json\/wp\/v2\/types\/page"}],"author":[{"embeddable":true,"href":"https:\/\/vidra.bio\/es\/wp-json\/wp\/v2\/users\/2"}],"replies":[{"embeddable":true,"href":"https:\/\/vidra.bio\/es\/wp-json\/wp\/v2\/comments?post=1173"}],"version-history":[{"count":72,"href":"https:\/\/vidra.bio\/es\/wp-json\/wp\/v2\/pages\/1173\/revisions"}],"predecessor-version":[{"id":1558,"href":"https:\/\/vidra.bio\/es\/wp-json\/wp\/v2\/pages\/1173\/revisions\/1558"}],"wp:attachment":[{"href":"https:\/\/vidra.bio\/es\/wp-json\/wp\/v2\/media?parent=1173"}],"curies":[{"name":"wp","href":"https:\/\/api.w.org\/{rel}","templated":true}]}}