{"id":1255,"date":"2023-07-04T10:56:38","date_gmt":"2023-07-04T16:56:38","guid":{"rendered":"https:\/\/vidra.bio\/?page_id=1255"},"modified":"2025-05-22T11:28:46","modified_gmt":"2025-05-22T17:28:46","slug":"adhel","status":"publish","type":"page","link":"https:\/\/vidra.bio\/es\/adhel\/","title":{"rendered":"Adhel\u00ae"},"content":{"rendered":"<section class=\"wpb-content-wrapper\"><div data-vc-full-width=\"true\" data-vc-full-width-init=\"false\" class=\"vc_row wpb_row vc_row-fluid vc_custom_1688489796975 vc_row-has-fill bg-image-ps-inherit no-bg-fixed\"><div class=\"wpb_column vc_column_container vc_col-sm-12\"><div class=\"vc_column-inner vc_custom_1541046861726\"><div class=\"wpb_wrapper\"><h1 style=\"font-size: 57px;color: #ffffff;text-align: center;font-family:filson-pro-book;font-weight:400;font-style:normal\" class=\"vc_custom_heading\" >Adhel\u00ae<\/h1><\/div><\/div><\/div><\/div><div class=\"vc_row-full-width vc_clearfix\"><\/div><div class=\"vc_row wpb_row vc_row-fluid bg-image-ps-inherit no-bg-fixed\"><div class=\"wpb_column vc_column_container vc_col-sm-12\"><div class=\"vc_column-inner\"><div class=\"wpb_wrapper\"><div class=\"vc_empty_space\"   style=\"height: 40px\"><span class=\"vc_empty_space_inner\"><\/span><\/div><\/div><\/div><\/div><\/div><div data-vc-full-width=\"true\" data-vc-full-width-init=\"false\" data-vc-stretch-content=\"true\" class=\"vc_row wpb_row vc_row-fluid vc_row-no-padding bg-image-ps-inherit no-bg-fixed\"><div class=\"wpb_column vc_column_container vc_col-sm-4\"><div class=\"vc_column-inner\"><div class=\"wpb_wrapper\">\n\t<div  class=\"wpb_single_image wpb_content_element vc_align_center  inherit inherit\">\n\t\t\n\t\t<figure class=\"wpb_wrapper vc_figure\">\n\t\t\t<div class=\"vc_single_image-wrapper default  vc_box_border_grey\"><img decoding=\"async\" width=\"527\" height=\"828\" data-src=\"https:\/\/vidra.bio\/wp-content\/uploads\/2023\/08\/adhel-new.png\" class=\"vc_single_image-img attachment-full lazyload\" alt=\"\" title=\"adhel-new\" src=\"data:image\/svg+xml;base64,PHN2ZyB3aWR0aD0iMSIgaGVpZ2h0PSIxIiB4bWxucz0iaHR0cDovL3d3dy53My5vcmcvMjAwMC9zdmciPjwvc3ZnPg==\" style=\"--smush-placeholder-width: 527px; --smush-placeholder-aspect-ratio: 527\/828;\" \/><\/div>\n\t\t<\/figure>\n\t<\/div>\n<\/div><\/div><\/div><div class=\"wpb_column vc_column_container vc_col-sm-8\"><div class=\"vc_column-inner vc_custom_1715289270304\"><div class=\"wpb_wrapper\"><div class=\"vc_empty_space\"   style=\"height: 45px\"><span class=\"vc_empty_space_inner\"><\/span><\/div><div class=\"vc_row wpb_row vc_inner vc_row-fluid bg-image-ps-inherit no-bg-fixed\"><div class=\"wpb_column vc_column_container vc_col-sm-1\/5\"><div class=\"vc_column-inner\"><div class=\"wpb_wrapper\"><div class=\"vc_empty_space\"   style=\"height: 50px\"><span class=\"vc_empty_space_inner\"><\/span><\/div><h3 style=\"font-size: 62px;color: #299399;text-align: left;font-family:filson-pro-bold;font-weight:400;font-style:normal\" class=\"vc_custom_heading\" >Adhel\u00ae<\/h3><h4 style=\"font-size: 16px;color: #299399;text-align: left;font-family:filson-pro-heavy;font-weight:400;font-style:normal\" class=\"vc_custom_heading vc_custom_1688490117532\" >COADYUVANTE AGR\u00cdCOLA<\/h4><\/div><\/div><\/div><div class=\"wpb_column vc_column_container vc_col-sm-1\/5\"><div class=\"vc_column-inner\"><div class=\"wpb_wrapper\"><\/div><\/div><\/div><div class=\"wpb_column vc_column_container vc_col-sm-1\/5\"><div class=\"vc_column-inner\"><div class=\"wpb_wrapper\">\n\t<div  class=\"wpb_single_image wpb_content_element vc_align_left  vc_custom_1715289317992 inherit inherit\">\n\t\t\n\t\t<figure class=\"wpb_wrapper vc_figure\">\n\t\t\t<div class=\"vc_single_image-wrapper default  vc_box_border_grey\"><img decoding=\"async\" width=\"111\" height=\"111\" data-src=\"https:\/\/vidra.bio\/wp-content\/uploads\/2023\/07\/icon-bio-adhel.png\" class=\"vc_single_image-img attachment-full lazyload\" alt=\"Coadyuvantes\" title=\"Coadyuvantes\" src=\"data:image\/svg+xml;base64,PHN2ZyB3aWR0aD0iMSIgaGVpZ2h0PSIxIiB4bWxucz0iaHR0cDovL3d3dy53My5vcmcvMjAwMC9zdmciPjwvc3ZnPg==\" style=\"--smush-placeholder-width: 111px; --smush-placeholder-aspect-ratio: 111\/111;\" \/><\/div>\n\t\t<\/figure>\n\t<\/div>\n<h4 style=\"font-size: 16px;color: #299399;text-align: left;font-family:filson-pro-heavy;font-weight:400;font-style:normal\" class=\"vc_custom_heading vc_custom_1715289323019\" >BioCoadyuvante<\/h4><\/div><\/div><\/div><div class=\"wpb_column vc_column_container vc_col-sm-1\/5\"><div class=\"vc_column-inner\"><div class=\"wpb_wrapper\"><div class=\"vc_empty_space\"   style=\"height: 35px\"><span class=\"vc_empty_space_inner\"><\/span><\/div>\n\t<div  class=\"wpb_single_image wpb_content_element vc_align_left  inherit inherit\">\n\t\t\n\t\t<figure class=\"wpb_wrapper vc_figure\">\n\t\t\t<div class=\"vc_single_image-wrapper default  vc_box_border_grey\"><img decoding=\"async\" width=\"133\" height=\"89\" data-src=\"https:\/\/vidra.bio\/wp-content\/uploads\/2023\/07\/omri-logo.png\" class=\"vc_single_image-img attachment-full lazyload\" alt=\"\" title=\"omri-logo\" src=\"data:image\/svg+xml;base64,PHN2ZyB3aWR0aD0iMSIgaGVpZ2h0PSIxIiB4bWxucz0iaHR0cDovL3d3dy53My5vcmcvMjAwMC9zdmciPjwvc3ZnPg==\" style=\"--smush-placeholder-width: 133px; --smush-placeholder-aspect-ratio: 133\/89;\" \/><\/div>\n\t\t<\/figure>\n\t<\/div>\n<\/div><\/div><\/div><div class=\"wpb_column vc_column_container vc_col-sm-1\/5\"><div class=\"vc_column-inner\"><div class=\"wpb_wrapper\"><\/div><\/div><\/div><\/div><div class=\"vc_row wpb_row vc_inner vc_row-fluid bg-image-ps-inherit no-bg-fixed\"><div class=\"wpb_column vc_column_container vc_col-sm-10\"><div class=\"vc_column-inner\"><div class=\"wpb_wrapper\">\n\t<div class=\"wpb_text_column wpb_content_element \" >\n\t\t<div class=\"wpb_wrapper\">\n\t\t\t<p style=\"text-align: left;\"><span style=\"font-family: filson-pro-book; color: #708e41; font-size: 18pt;\"><strong>Adhel\u00ae<\/strong> es un acidificante y regulador de pH que tiene como ingrediente principal al \u00c1cido Fosf\u00f3rico. <\/span><\/p>\n<p style=\"text-align: left;\"><span style=\"font-family: filson-pro-book; color: #708e41; font-size: 18pt;\"><strong>Adhel\u00ae<\/strong> es un coadyuvante agr\u00edcola dise\u00f1ado para acidificar y regular el pH del agua, ayudando a mejorar la calidad del agua para disminuir la descomposici\u00f3n qu\u00edmica que pueden sufrir los plaguicidas y los fertilizantes. Est\u00e1 dise\u00f1ado para aprovechar al m\u00e1ximo las aspersiones de insecticidas, fungicidas, herbicidas y fertilizantes biorracionales o convencionales. <\/span><\/p>\n<p style=\"text-align: left;\"><span style=\"font-family: filson-pro-book; color: #708e41; font-size: 18pt;\">Adem\u00e1s, la formulaci\u00f3n de <strong>Adhel\u00ae<\/strong> est\u00e1 complementada con surfactantes y agentes de compatibilidad que favorecen el mezclado de los plaguicidas y fertilizantes en el tanque de aspersi\u00f3n. <\/span><\/p>\n<p style=\"text-align: left;\"><span style=\"font-family: filson-pro-book; color: #708e41; font-size: 18pt;\"><strong>Beneficios:\u00a0<\/strong><br \/>\n<\/span><\/p>\n<ul>\n<li style=\"text-align: left;\"><span style=\"font-family: filson-pro-book; color: #708e41; font-size: 18pt;\">Ayuda a mejorar las condiciones del agua usada para las aspersiones de plaguicidas.<br \/>\n<\/span><\/li>\n<li style=\"text-align: left;\"><span style=\"font-family: filson-pro-book; color: #708e41; font-size: 18pt;\">Evita la descomposici\u00f3n qu\u00edmica de los plaguicidas por hidr\u00f3lisis, fotodescomposici\u00f3n y reacci\u00f3n con iones libres.<br \/>\n<\/span><\/li>\n<li style=\"text-align: left;\"><span style=\"font-family: filson-pro-book; color: #708e41; font-size: 18pt;\">Aumenta la estabilidad de las mezclas de tanque<br \/>\n<\/span><\/li>\n<li style=\"text-align: left;\"><span style=\"font-family: filson-pro-book; color: #708e41; font-size: 18pt;\">Asegura la eficiencia de las soluciones aplicadas<br \/>\n<\/span><\/li>\n<li style=\"text-align: left;\"><span style=\"font-family: filson-pro-book; color: #708e41; font-size: 18pt;\">Cuenta en su formulaci\u00f3n con un indicador colorim\u00e9trico que indica el pH del agua<br \/>\n<\/span><\/li>\n<li style=\"text-align: left;\"><span style=\"font-family: filson-pro-book; color: #708e41; font-size: 18pt;\"><span style=\"font-family: filson-pro-book; color: #708e41; font-size: 18pt;\">Soluci\u00f3n con sello OMRI.<\/span><\/span><\/li>\n<\/ul>\n\n\t\t<\/div>\n\t<\/div>\n<\/div><\/div><\/div><div class=\"wpb_column vc_column_container vc_col-sm-2\"><div class=\"vc_column-inner\"><div class=\"wpb_wrapper\"><\/div><\/div><\/div><\/div><div class=\"vc_row wpb_row vc_inner vc_row-fluid bg-image-ps-inherit no-bg-fixed\"><div class=\"wpb_column vc_column_container vc_col-sm-12\"><div class=\"vc_column-inner\"><div class=\"wpb_wrapper\"><h2 style=\"font-size: 24px;color: #708e41;text-align: left;font-family:filson-pro-bold;font-weight:400;font-style:normal\" class=\"vc_custom_heading\" >Preguntas frecuentes<\/h2><div  class=\"vc_toggle vc_toggle_default vc_toggle_color_default  vc_toggle_size_lg\"><div class=\"vc_toggle_title\"><h2 style=\"font-size: 18px;color: #7c7c7c;line-height: 1;text-align: left;font-family:filson-pro-bold;font-weight:400;font-style:normal\" class=\"vc_custom_heading\" >\u00bfCu\u00e1l es el pH ideal para los productos a base de bacterias?<\/h2><i class=\"vc_toggle_icon\"><\/i><\/div><div class=\"vc_toggle_content\"><p>El pH ideal para las bacterias va de un rango dentro de 5.5 a 7.0<\/p>\n<\/div><\/div><div  class=\"vc_toggle vc_toggle_default vc_toggle_color_default  vc_toggle_size_lg\"><div class=\"vc_toggle_title\"><h2 style=\"font-size: 18px;color: #7c7c7c;line-height: 1;text-align: left;font-family:filson-pro-bold;font-weight:400;font-style:normal\" class=\"vc_custom_heading\" >\u00bfCu\u00e1l es el pH ideal para los productos bot\u00e1nicos ?<\/h2><i class=\"vc_toggle_icon\"><\/i><\/div><div class=\"vc_toggle_content\"><p>Las soluciones Bio Insecticidas Kauzar\u00ae y Haku\u00ae son dos soluciones bot\u00e1nicas que se aplican con un pH de 7.0.<\/p>\n<\/div><\/div><div  class=\"vc_toggle vc_toggle_default vc_toggle_color_default  vc_toggle_size_lg\"><div class=\"vc_toggle_title\"><h2 style=\"font-size: 18px;color: #7c7c7c;line-height: 1;text-align: left;font-family:filson-pro-bold;font-weight:400;font-style:normal\" class=\"vc_custom_heading\" >\u00bfCu\u00e1l es el pH para el agua de aplicaciones agr\u00edcolas?<\/h2><i class=\"vc_toggle_icon\"><\/i><\/div><div class=\"vc_toggle_content\"><p>El pH del agua depender\u00e1 de la soluci\u00f3n que se vaya aplicar, es importante leer la etiqueta de recomendaciones del producto a utilizar. En el caso de los BioFungicidas y BioInsecticidas del portafolio de Vidra el pH que se recomienda es 7.0.<\/p>\n<\/div><\/div><div  class=\"vc_toggle vc_toggle_default vc_toggle_color_default  vc_toggle_size_lg\"><div class=\"vc_toggle_title\"><h2 style=\"font-size: 18px;color: #7c7c7c;line-height: 1;text-align: left;font-family:filson-pro-bold;font-weight:400;font-style:normal\" class=\"vc_custom_heading\" >\u00bfAdhel cuenta con sello OMRI?<\/h2><i class=\"vc_toggle_icon\"><\/i><\/div><div class=\"vc_toggle_content\"><p>Adhel si cuenta con sello OMRI<\/p>\n<\/div><\/div><\/div><\/div><\/div><\/div><div class=\"vc_row wpb_row vc_inner vc_row-fluid bg-image-ps-inherit no-bg-fixed\"><div class=\"wpb_column vc_column_container vc_col-sm-12\"><div class=\"vc_column-inner\"><div class=\"wpb_wrapper\">\n\t<div class=\"wpb_text_column wpb_content_element  vc_custom_1715289342608\" >\n\t\t<div class=\"wpb_wrapper\">\n\t\t\t<p style=\"text-align: left;\"><span style=\"color: #708e41;\">Descarga ficha t\u00e9cnica<\/span><br \/>\n<span style=\"color: #708e41;\">y hoja de seguridad<\/span><\/p>\n\n\t\t<\/div>\n\t<\/div>\n<div class=\"vc_empty_space\"   style=\"height: 10px\"><span class=\"vc_empty_space_inner\"><\/span><\/div>\n\t<div class=\"wpb_text_column wpb_content_element  vc_custom_1742403616666\" >\n\t\t<div class=\"wpb_wrapper\">\n\t\t\t<p><a href=\"http:\/\/vidra.bio\/wp-content\/uploads\/2025\/03\/FT-ADHEL_VIDRA.pdf\" target=\"_blank\" rel=\"noopener\"><img decoding=\"async\" class=\"alignleft wp-image-1281 size-full lazyload\" data-src=\"http:\/\/vidra.bio\/wp-content\/uploads\/2023\/07\/btn-ft.png\" alt=\"\" width=\"66\" height=\"78\" src=\"data:image\/svg+xml;base64,PHN2ZyB3aWR0aD0iMSIgaGVpZ2h0PSIxIiB4bWxucz0iaHR0cDovL3d3dy53My5vcmcvMjAwMC9zdmciPjwvc3ZnPg==\" style=\"--smush-placeholder-width: 66px; --smush-placeholder-aspect-ratio: 66\/78;\" \/><\/a><a href=\"http:\/\/vidra.bio\/wp-content\/uploads\/2023\/08\/HDS-ADHEL-OMRI.pdf\" target=\"_blank\" rel=\"noopener\"><img decoding=\"async\" class=\"wp-image-1280 size-full alignleft lazyload\" data-src=\"http:\/\/vidra.bio\/wp-content\/uploads\/2023\/07\/btn-hs.png\" alt=\"\" width=\"66\" height=\"78\" src=\"data:image\/svg+xml;base64,PHN2ZyB3aWR0aD0iMSIgaGVpZ2h0PSIxIiB4bWxucz0iaHR0cDovL3d3dy53My5vcmcvMjAwMC9zdmciPjwvc3ZnPg==\" style=\"--smush-placeholder-width: 66px; --smush-placeholder-aspect-ratio: 66\/78;\" \/><\/a><\/p>\n\n\t\t<\/div>\n\t<\/div>\n<\/div><\/div><\/div><\/div><div class=\"vc_empty_space\"   style=\"height: 25px\"><span class=\"vc_empty_space_inner\"><\/span><\/div><\/div><\/div><\/div><\/div><div class=\"vc_row-full-width vc_clearfix\"><\/div>\n<\/section>","protected":false},"excerpt":{"rendered":"Adhel\u00ae Adhel\u00aeCOADYUVANTE AGR\u00cdCOLA BioCoadyuvante Adhel\u00ae es un acidificante y regulador de pH que tiene como ingrediente principal al \u00c1cido Fosf\u00f3rico. Adhel\u00ae es un coadyuvante agr\u00edcola dise\u00f1ado para acidificar y regular el pH del agua, ayudando a mejorar la calidad del agua para disminuir la descomposici\u00f3n qu\u00edmica que pueden sufrir los plaguicidas y los fertilizantes. Est\u00e1 [...]","protected":false},"author":2,"featured_media":0,"parent":0,"menu_order":0,"comment_status":"closed","ping_status":"closed","template":"","meta":{"_joinchat":[],"footnotes":""},"class_list":["post-1255","page","type-page","status-publish","hentry"],"yoast_head":"<!-- This site is optimized with the Yoast SEO plugin v26.0 - https:\/\/yoast.com\/wordpress\/plugins\/seo\/ -->\n<title>Adhel | Bio Coadyuvante acidificante y regulador del pH del agua<\/title>\n<meta name=\"description\" content=\"Adhel\u00ae es un coadyuvante agr\u00edcola dise\u00f1ado para acidificar y regular el pH del agua, ayudando a mejorar la calidad del agua para disminuir la descomposici\u00f3n qu\u00edmica que pueden sufrir los plaguicidas y los fertilizantes.\" \/>\n<meta name=\"robots\" content=\"index, follow, max-snippet:-1, max-image-preview:large, max-video-preview:-1\" \/>\n<link rel=\"canonical\" href=\"http:\/\/vidra.bio\/es\/adhel\/\" \/>\n<meta property=\"og:locale\" content=\"es_MX\" \/>\n<meta property=\"og:type\" content=\"article\" \/>\n<meta property=\"og:title\" content=\"Adhel | Bio Coadyuvante acidificante y regulador del pH del agua\" \/>\n<meta property=\"og:description\" content=\"Adhel\u00ae es un coadyuvante agr\u00edcola dise\u00f1ado para acidificar y regular el pH del agua, ayudando a mejorar la calidad del agua para disminuir la descomposici\u00f3n qu\u00edmica que pueden sufrir los plaguicidas y los fertilizantes.\" \/>\n<meta property=\"og:url\" content=\"http:\/\/vidra.bio\/es\/adhel\/\" \/>\n<meta property=\"og:site_name\" content=\"Vidra\" \/>\n<meta property=\"article:modified_time\" content=\"2025-05-22T17:28:46+00:00\" \/>\n<meta property=\"og:image\" content=\"http:\/\/vidra.bio\/wp-content\/uploads\/2023\/07\/btn-ft.png\" \/>\n<meta name=\"twitter:card\" content=\"summary_large_image\" \/>\n<meta name=\"twitter:label1\" content=\"Tiempo de lectura\" \/>\n\t<meta name=\"twitter:data1\" content=\"5 minutos\" \/>\n<script type=\"application\/ld+json\" class=\"yoast-schema-graph\">{\"@context\":\"https:\/\/schema.org\",\"@graph\":[{\"@type\":\"WebPage\",\"@id\":\"http:\/\/vidra.bio\/es\/adhel\/\",\"url\":\"http:\/\/vidra.bio\/es\/adhel\/\",\"name\":\"Adhel | Bio Coadyuvante acidificante y regulador del pH del agua\",\"isPartOf\":{\"@id\":\"https:\/\/vidra.bio\/es\/#website\"},\"primaryImageOfPage\":{\"@id\":\"http:\/\/vidra.bio\/es\/adhel\/#primaryimage\"},\"image\":{\"@id\":\"http:\/\/vidra.bio\/es\/adhel\/#primaryimage\"},\"thumbnailUrl\":\"http:\/\/vidra.bio\/wp-content\/uploads\/2023\/07\/btn-ft.png\",\"datePublished\":\"2023-07-04T16:56:38+00:00\",\"dateModified\":\"2025-05-22T17:28:46+00:00\",\"description\":\"Adhel\u00ae es un coadyuvante agr\u00edcola dise\u00f1ado para acidificar y regular el pH del agua, ayudando a mejorar la calidad del agua para disminuir la descomposici\u00f3n qu\u00edmica que pueden sufrir los plaguicidas y los fertilizantes.\",\"breadcrumb\":{\"@id\":\"http:\/\/vidra.bio\/es\/adhel\/#breadcrumb\"},\"inLanguage\":\"es\",\"potentialAction\":[{\"@type\":\"ReadAction\",\"target\":[\"http:\/\/vidra.bio\/es\/adhel\/\"]}]},{\"@type\":\"ImageObject\",\"inLanguage\":\"es\",\"@id\":\"http:\/\/vidra.bio\/es\/adhel\/#primaryimage\",\"url\":\"http:\/\/vidra.bio\/wp-content\/uploads\/2023\/07\/btn-ft.png\",\"contentUrl\":\"http:\/\/vidra.bio\/wp-content\/uploads\/2023\/07\/btn-ft.png\"},{\"@type\":\"BreadcrumbList\",\"@id\":\"http:\/\/vidra.bio\/es\/adhel\/#breadcrumb\",\"itemListElement\":[{\"@type\":\"ListItem\",\"position\":1,\"name\":\"Portada\",\"item\":\"https:\/\/vidra.bio\/es\/\"},{\"@type\":\"ListItem\",\"position\":2,\"name\":\"Adhel\u00ae\"}]},{\"@type\":\"WebSite\",\"@id\":\"https:\/\/vidra.bio\/es\/#website\",\"url\":\"https:\/\/vidra.bio\/es\/\",\"name\":\"Vidra\",\"description\":\"Innovaci\u00f3n para el buen rendimiento de tu cultivo\",\"potentialAction\":[{\"@type\":\"SearchAction\",\"target\":{\"@type\":\"EntryPoint\",\"urlTemplate\":\"https:\/\/vidra.bio\/es\/?s={search_term_string}\"},\"query-input\":{\"@type\":\"PropertyValueSpecification\",\"valueRequired\":true,\"valueName\":\"search_term_string\"}}],\"inLanguage\":\"es\"}]}<\/script>\n<!-- \/ Yoast SEO plugin. -->","yoast_head_json":{"title":"Adhel | Bio Coadyuvante acidificante y regulador del pH del agua","description":"Adhel\u00ae es un coadyuvante agr\u00edcola dise\u00f1ado para acidificar y regular el pH del agua, ayudando a mejorar la calidad del agua para disminuir la descomposici\u00f3n qu\u00edmica que pueden sufrir los plaguicidas y los fertilizantes.","robots":{"index":"index","follow":"follow","max-snippet":"max-snippet:-1","max-image-preview":"max-image-preview:large","max-video-preview":"max-video-preview:-1"},"canonical":"http:\/\/vidra.bio\/es\/adhel\/","og_locale":"es_MX","og_type":"article","og_title":"Adhel | Bio Coadyuvante acidificante y regulador del pH del agua","og_description":"Adhel\u00ae es un coadyuvante agr\u00edcola dise\u00f1ado para acidificar y regular el pH del agua, ayudando a mejorar la calidad del agua para disminuir la descomposici\u00f3n qu\u00edmica que pueden sufrir los plaguicidas y los fertilizantes.","og_url":"http:\/\/vidra.bio\/es\/adhel\/","og_site_name":"Vidra","article_modified_time":"2025-05-22T17:28:46+00:00","og_image":[{"url":"http:\/\/vidra.bio\/wp-content\/uploads\/2023\/07\/btn-ft.png","type":"","width":"","height":""}],"twitter_card":"summary_large_image","twitter_misc":{"Tiempo de lectura":"5 minutos"},"schema":{"@context":"https:\/\/schema.org","@graph":[{"@type":"WebPage","@id":"http:\/\/vidra.bio\/es\/adhel\/","url":"http:\/\/vidra.bio\/es\/adhel\/","name":"Adhel | Bio Coadyuvante acidificante y regulador del pH del agua","isPartOf":{"@id":"https:\/\/vidra.bio\/es\/#website"},"primaryImageOfPage":{"@id":"http:\/\/vidra.bio\/es\/adhel\/#primaryimage"},"image":{"@id":"http:\/\/vidra.bio\/es\/adhel\/#primaryimage"},"thumbnailUrl":"http:\/\/vidra.bio\/wp-content\/uploads\/2023\/07\/btn-ft.png","datePublished":"2023-07-04T16:56:38+00:00","dateModified":"2025-05-22T17:28:46+00:00","description":"Adhel\u00ae es un coadyuvante agr\u00edcola dise\u00f1ado para acidificar y regular el pH del agua, ayudando a mejorar la calidad del agua para disminuir la descomposici\u00f3n qu\u00edmica que pueden sufrir los plaguicidas y los fertilizantes.","breadcrumb":{"@id":"http:\/\/vidra.bio\/es\/adhel\/#breadcrumb"},"inLanguage":"es","potentialAction":[{"@type":"ReadAction","target":["http:\/\/vidra.bio\/es\/adhel\/"]}]},{"@type":"ImageObject","inLanguage":"es","@id":"http:\/\/vidra.bio\/es\/adhel\/#primaryimage","url":"http:\/\/vidra.bio\/wp-content\/uploads\/2023\/07\/btn-ft.png","contentUrl":"http:\/\/vidra.bio\/wp-content\/uploads\/2023\/07\/btn-ft.png"},{"@type":"BreadcrumbList","@id":"http:\/\/vidra.bio\/es\/adhel\/#breadcrumb","itemListElement":[{"@type":"ListItem","position":1,"name":"Portada","item":"https:\/\/vidra.bio\/es\/"},{"@type":"ListItem","position":2,"name":"Adhel\u00ae"}]},{"@type":"WebSite","@id":"https:\/\/vidra.bio\/es\/#website","url":"https:\/\/vidra.bio\/es\/","name":"Vidra","description":"Innovaci\u00f3n para el buen rendimiento de tu cultivo","potentialAction":[{"@type":"SearchAction","target":{"@type":"EntryPoint","urlTemplate":"https:\/\/vidra.bio\/es\/?s={search_term_string}"},"query-input":{"@type":"PropertyValueSpecification","valueRequired":true,"valueName":"search_term_string"}}],"inLanguage":"es"}]}},"_links":{"self":[{"href":"https:\/\/vidra.bio\/es\/wp-json\/wp\/v2\/pages\/1255","targetHints":{"allow":["GET"]}}],"collection":[{"href":"https:\/\/vidra.bio\/es\/wp-json\/wp\/v2\/pages"}],"about":[{"href":"https:\/\/vidra.bio\/es\/wp-json\/wp\/v2\/types\/page"}],"author":[{"embeddable":true,"href":"https:\/\/vidra.bio\/es\/wp-json\/wp\/v2\/users\/2"}],"replies":[{"embeddable":true,"href":"https:\/\/vidra.bio\/es\/wp-json\/wp\/v2\/comments?post=1255"}],"version-history":[{"count":92,"href":"https:\/\/vidra.bio\/es\/wp-json\/wp\/v2\/pages\/1255\/revisions"}],"predecessor-version":[{"id":2330,"href":"https:\/\/vidra.bio\/es\/wp-json\/wp\/v2\/pages\/1255\/revisions\/2330"}],"wp:attachment":[{"href":"https:\/\/vidra.bio\/es\/wp-json\/wp\/v2\/media?parent=1255"}],"curies":[{"name":"wp","href":"https:\/\/api.w.org\/{rel}","templated":true}]}}