{"id":1308,"date":"2023-07-04T12:28:00","date_gmt":"2023-07-04T18:28:00","guid":{"rendered":"https:\/\/vidra.bio\/?page_id=1308"},"modified":"2024-07-04T17:11:26","modified_gmt":"2024-07-04T23:11:26","slug":"contacto","status":"publish","type":"page","link":"https:\/\/vidra.bio\/es\/contacto\/","title":{"rendered":"Contacto"},"content":{"rendered":"<section class=\"wpb-content-wrapper\"><div data-vc-full-width=\"true\" data-vc-full-width-init=\"false\" class=\"vc_row wpb_row vc_row-fluid vc_custom_1688483885542 vc_row-has-fill bg-image-ps-inherit no-bg-fixed\"><div class=\"wpb_column vc_column_container vc_col-sm-12\"><div class=\"vc_column-inner vc_custom_1541046861726\"><div class=\"wpb_wrapper\"><h1 style=\"font-size: 57px;color: #ffffff;text-align: center;font-family:filson-pro-book;font-weight:400;font-style:normal\" class=\"vc_custom_heading\" >Contacto<\/h1><\/div><\/div><\/div><\/div><div class=\"vc_row-full-width vc_clearfix\"><\/div><div data-vc-full-width=\"true\" data-vc-full-width-init=\"false\" class=\"vc_row wpb_row vc_row-fluid vc_custom_1688407682354 vc_row-has-fill bg-image-ps-center no-bg-fixed\"><div class=\"wpb_column vc_column_container vc_col-sm-12 vc_col-lg-6 vc_col-md-6 rm-padding-lg\"><div class=\"vc_column-inner vc_custom_1540915378656\"><div class=\"wpb_wrapper\"><div id=\"ct-heading\" class=\"ct-heading align-left align-left-md align-left-sm align-left-xs \">\n            <style type=\"text\/css\">\n            @media (min-width: 991px) and (max-width: 1200px) {\n                #ct-heading .ct-heading-tag {\n                                            font-size: 62px !important;\n                                                        }\n            }\n        <\/style>\n    \n            <style type=\"text\/css\">\n            @media (min-width: 768px) and (max-width: 991px) {\n                #ct-heading .ct-heading-tag {\n                                            font-size: 50px !important;\n                                                        }\n            }\n        <\/style>\n    \n            <style type=\"text\/css\">\n            @media screen and (max-width: 767px) {\n                #ct-heading .ct-heading-tag {\n                                            font-size: 40px !important;\n                                                        }\n            }\n        <\/style>\n            <h3 class=\"ct-heading-tag \" style=\"margin-bottom:66px;color:#708e41; font-family:filson-pro-bold; font-weight:400; font-style:normal; \">\n                                    Cont\u00e1ctanos<br \/>\npara m\u00e1s<br \/>\ninformaci\u00f3n                        <\/h3>\n        <\/div><div class=\"vc_row wpb_row vc_inner vc_row-fluid bg-image-ps-inherit no-bg-fixed\"><div class=\"wpb_column vc_column_container vc_col-sm-9\"><div class=\"vc_column-inner\"><div class=\"wpb_wrapper\"><h3 style=\"font-size: 26px;color: #ffffff;text-align: left;font-family:filson-pro-medium;font-weight:400;font-style:normal\" class=\"vc_custom_heading vc_custom_1688407993787\" ><a href=\"mailto:info@vidra.bio\" target=\"_blank\">info@vidra.bio<\/a><\/h3><\/div><\/div><\/div><div class=\"wpb_column vc_column_container vc_col-sm-3\"><div class=\"vc_column-inner\"><div class=\"wpb_wrapper\"><\/div><\/div><\/div><\/div><div class=\"vc_empty_space\"   style=\"height: 35px\"><span class=\"vc_empty_space_inner\"><\/span><\/div>\n\t<div class=\"wpb_text_column wpb_content_element \" >\n\t\t<div class=\"wpb_wrapper\">\n\t\t\t<p><strong><span style=\"font-size: 18px;\">\u00a1Estamos en redes sociales! <\/span><\/strong><\/p>\n<p><span style=\"font-size: 18px;\">S\u00edguenos para conocer m\u00e1s sobre las soluciones biorracionales que protegen cultivos, medio ambiente y salud.<\/span><\/p>\n\n\t\t<\/div>\n\t<\/div>\n<div class=\"vc_empty_space\"   style=\"height: 35px\"><span class=\"vc_empty_space_inner\"><\/span><\/div><div class=\"vc_row wpb_row vc_inner vc_row-fluid bg-image-ps-inherit no-bg-fixed\"><div class=\"wpb_column vc_column_container vc_col-sm-2\"><div class=\"vc_column-inner\"><div class=\"wpb_wrapper\"><div class=\"vc_icon_element vc_icon_element-outer vc_icon_element-align-left\"><div class=\"vc_icon_element-inner vc_icon_element-color-black vc_icon_element-size-lg vc_icon_element-style- vc_icon_element-background-color-grey\" ><span class=\"vc_icon_element-icon fab fa-facebook\" ><\/span><a class=\"vc_icon_element-link\" href=\"https:\/\/www.facebook.com\/vidra.bio\/\"  title=\"\" target=\"_blank\"><\/a><\/div><\/div><\/div><\/div><\/div><div class=\"wpb_column vc_column_container vc_col-sm-2\"><div class=\"vc_column-inner\"><div class=\"wpb_wrapper\"><div class=\"vc_icon_element vc_icon_element-outer vc_icon_element-align-left\"><div class=\"vc_icon_element-inner vc_icon_element-color-black vc_icon_element-size-lg vc_icon_element-style- vc_icon_element-background-color-grey\" ><span class=\"vc_icon_element-icon fab fa-instagram\" ><\/span><a class=\"vc_icon_element-link\" href=\"https:\/\/www.instagram.com\/vidra.bio\/\"  title=\"\" target=\"_blank\"><\/a><\/div><\/div><\/div><\/div><\/div><div class=\"wpb_column vc_column_container vc_col-sm-2\"><div class=\"vc_column-inner\"><div class=\"wpb_wrapper\"><div class=\"vc_icon_element vc_icon_element-outer vc_icon_element-align-left\"><div class=\"vc_icon_element-inner vc_icon_element-color-black vc_icon_element-size-lg vc_icon_element-style- vc_icon_element-background-color-grey\" ><span class=\"vc_icon_element-icon fab fa-linkedin-in\" ><\/span><a class=\"vc_icon_element-link\" href=\"https:\/\/www.linkedin.com\/company\/vidra-bio\/\"  title=\"\" target=\"_blank\"><\/a><\/div><\/div><\/div><\/div><\/div><div class=\"wpb_column vc_column_container vc_col-sm-2\"><div class=\"vc_column-inner\"><div class=\"wpb_wrapper\"><\/div><\/div><\/div><div class=\"wpb_column vc_column_container vc_col-sm-2\"><div class=\"vc_column-inner\"><div class=\"wpb_wrapper\"><\/div><\/div><\/div><div class=\"wpb_column vc_column_container vc_col-sm-2\"><div class=\"vc_column-inner\"><div class=\"wpb_wrapper\"><\/div><\/div><\/div><\/div><\/div><\/div><\/div><div class=\"wpb_column vc_column_container vc_col-sm-12 vc_col-lg-6 vc_col-md-6 rm-padding-lg\"><div class=\"vc_column-inner vc_custom_1540915383273\"><div class=\"wpb_wrapper\">    <div class=\"ct-contact-form-default   style-dark\">\n        <div class=\"ct-contact-form-inner\">\n            \n<div class=\"wpcf7 no-js\" id=\"wpcf7-f94-o1\" lang=\"en-US\" dir=\"ltr\" data-wpcf7-id=\"94\">\n<div class=\"screen-reader-response\"><p role=\"status\" aria-live=\"polite\" aria-atomic=\"true\"><\/p> <ul><\/ul><\/div>\n<form action=\"\/es\/wp-json\/wp\/v2\/pages\/1308#wpcf7-f94-o1\" method=\"post\" class=\"wpcf7-form init\" aria-label=\"Contact form\" novalidate=\"novalidate\" data-status=\"init\">\n<fieldset class=\"hidden-fields-container\"><input type=\"hidden\" name=\"_wpcf7\" value=\"94\" \/><input type=\"hidden\" name=\"_wpcf7_version\" value=\"6.1.2\" \/><input type=\"hidden\" name=\"_wpcf7_locale\" value=\"en_US\" \/><input type=\"hidden\" name=\"_wpcf7_unit_tag\" value=\"wpcf7-f94-o1\" \/><input type=\"hidden\" name=\"_wpcf7_container_post\" value=\"0\" \/><input type=\"hidden\" name=\"_wpcf7_posted_data_hash\" value=\"\" \/>\n<\/fieldset>\n<div class=\"input-filled\">\n\t<p><label class=\"text-white\">Nombre<\/label><span class=\"wpcf7-form-control-wrap\" data-name=\"your-name\"><input size=\"40\" maxlength=\"400\" class=\"wpcf7-form-control wpcf7-text wpcf7-validates-as-required\" aria-required=\"true\" aria-invalid=\"false\" placeholder=\"Escribe tu nombre\" value=\"\" type=\"text\" name=\"your-name\" \/><\/span>\n\t<\/p>\n<\/div>\n<div class=\"input-filled\">\n\t<p><label class=\"text-white\">Email<\/label><span class=\"wpcf7-form-control-wrap\" data-name=\"your-email\"><input size=\"40\" maxlength=\"400\" class=\"wpcf7-form-control wpcf7-email wpcf7-validates-as-required wpcf7-text wpcf7-validates-as-email\" aria-required=\"true\" aria-invalid=\"false\" placeholder=\"Escribe tu correo\" value=\"\" type=\"email\" name=\"your-email\" \/><\/span>\n\t<\/p>\n<\/div>\n<div class=\"input-filled\">\n\t<p><label class=\"text-white\">MENSAJE<\/label><span class=\"wpcf7-form-control-wrap\" data-name=\"your-message\"><textarea cols=\"40\" rows=\"10\" maxlength=\"2000\" class=\"wpcf7-form-control wpcf7-textarea wpcf7-validates-as-required\" aria-required=\"true\" aria-invalid=\"false\" placeholder=\"Escribe tu mensaje\" name=\"your-message\"><\/textarea><\/span>\n\t<\/p>\n<\/div>\n<div class=\"input-filled text-right\">\n\t<p><input class=\"wpcf7-form-control wpcf7-submit has-spinner\" type=\"submit\" value=\"ENVIAR\" \/>\n\t<\/p>\n<\/div><div class=\"wpcf7-response-output\" aria-hidden=\"true\"><\/div>\n<\/form>\n<\/div>\n        <\/div>\n    <\/div>\n<\/div><\/div><\/div><\/div><div class=\"vc_row-full-width vc_clearfix\"><\/div>\n<\/section>","protected":false},"excerpt":{"rendered":"Contacto Cont\u00e1ctanos para m\u00e1s informaci\u00f3n info@vidra.bio \u00a1Estamos en redes sociales! S\u00edguenos para conocer m\u00e1s sobre las soluciones biorracionales que protegen cultivos, medio ambiente y salud. Nombre Email MENSAJE","protected":false},"author":2,"featured_media":0,"parent":0,"menu_order":0,"comment_status":"closed","ping_status":"closed","template":"","meta":{"_joinchat":[],"footnotes":""},"class_list":["post-1308","page","type-page","status-publish","hentry"],"yoast_head":"<!-- This site is optimized with the Yoast SEO plugin v26.0 - https:\/\/yoast.com\/wordpress\/plugins\/seo\/ -->\n<title>Contacto | Vidra Soluciones Biorracionales<\/title>\n<meta name=\"description\" content=\"Contacta con Vidra, una empresa 100% mexicana con soluciones biorracionales para la protecci\u00f3n de tus cultivos. Desarrollamos soluciones biorracionales para cuidar cultivos, medio ambiente y salud\" \/>\n<meta name=\"robots\" content=\"index, follow, max-snippet:-1, max-image-preview:large, max-video-preview:-1\" \/>\n<link rel=\"canonical\" href=\"https:\/\/vidra.bio\/es\/contacto\/\" \/>\n<meta property=\"og:locale\" content=\"es_MX\" \/>\n<meta property=\"og:type\" content=\"article\" \/>\n<meta property=\"og:title\" content=\"Contacto | Vidra Soluciones Biorracionales\" \/>\n<meta property=\"og:description\" content=\"Contacta con Vidra, una empresa 100% mexicana con soluciones biorracionales para la protecci\u00f3n de tus cultivos. Desarrollamos soluciones biorracionales para cuidar cultivos, medio ambiente y salud\" \/>\n<meta property=\"og:url\" content=\"https:\/\/vidra.bio\/es\/contacto\/\" \/>\n<meta property=\"og:site_name\" content=\"Vidra\" \/>\n<meta property=\"article:modified_time\" content=\"2024-07-04T23:11:26+00:00\" \/>\n<meta name=\"twitter:card\" content=\"summary_large_image\" \/>\n<meta name=\"twitter:label1\" content=\"Tiempo de lectura\" \/>\n\t<meta name=\"twitter:data1\" content=\"1 minuto\" \/>\n<script type=\"application\/ld+json\" class=\"yoast-schema-graph\">{\"@context\":\"https:\/\/schema.org\",\"@graph\":[{\"@type\":\"WebPage\",\"@id\":\"https:\/\/vidra.bio\/es\/contacto\/\",\"url\":\"https:\/\/vidra.bio\/es\/contacto\/\",\"name\":\"Contacto | Vidra Soluciones Biorracionales\",\"isPartOf\":{\"@id\":\"https:\/\/vidra.bio\/es\/#website\"},\"datePublished\":\"2023-07-04T18:28:00+00:00\",\"dateModified\":\"2024-07-04T23:11:26+00:00\",\"description\":\"Contacta con Vidra, una empresa 100% mexicana con soluciones biorracionales para la protecci\u00f3n de tus cultivos. Desarrollamos soluciones biorracionales para cuidar cultivos, medio ambiente y salud\",\"breadcrumb\":{\"@id\":\"https:\/\/vidra.bio\/es\/contacto\/#breadcrumb\"},\"inLanguage\":\"es\",\"potentialAction\":[{\"@type\":\"ReadAction\",\"target\":[\"https:\/\/vidra.bio\/es\/contacto\/\"]}]},{\"@type\":\"BreadcrumbList\",\"@id\":\"https:\/\/vidra.bio\/es\/contacto\/#breadcrumb\",\"itemListElement\":[{\"@type\":\"ListItem\",\"position\":1,\"name\":\"Portada\",\"item\":\"https:\/\/vidra.bio\/es\/\"},{\"@type\":\"ListItem\",\"position\":2,\"name\":\"Contacto\"}]},{\"@type\":\"WebSite\",\"@id\":\"https:\/\/vidra.bio\/es\/#website\",\"url\":\"https:\/\/vidra.bio\/es\/\",\"name\":\"Vidra\",\"description\":\"Innovaci\u00f3n para el buen rendimiento de tu cultivo\",\"potentialAction\":[{\"@type\":\"SearchAction\",\"target\":{\"@type\":\"EntryPoint\",\"urlTemplate\":\"https:\/\/vidra.bio\/es\/?s={search_term_string}\"},\"query-input\":{\"@type\":\"PropertyValueSpecification\",\"valueRequired\":true,\"valueName\":\"search_term_string\"}}],\"inLanguage\":\"es\"}]}<\/script>\n<!-- \/ Yoast SEO plugin. -->","yoast_head_json":{"title":"Contacto | Vidra Soluciones Biorracionales","description":"Contacta con Vidra, una empresa 100% mexicana con soluciones biorracionales para la protecci\u00f3n de tus cultivos. Desarrollamos soluciones biorracionales para cuidar cultivos, medio ambiente y salud","robots":{"index":"index","follow":"follow","max-snippet":"max-snippet:-1","max-image-preview":"max-image-preview:large","max-video-preview":"max-video-preview:-1"},"canonical":"https:\/\/vidra.bio\/es\/contacto\/","og_locale":"es_MX","og_type":"article","og_title":"Contacto | Vidra Soluciones Biorracionales","og_description":"Contacta con Vidra, una empresa 100% mexicana con soluciones biorracionales para la protecci\u00f3n de tus cultivos. Desarrollamos soluciones biorracionales para cuidar cultivos, medio ambiente y salud","og_url":"https:\/\/vidra.bio\/es\/contacto\/","og_site_name":"Vidra","article_modified_time":"2024-07-04T23:11:26+00:00","twitter_card":"summary_large_image","twitter_misc":{"Tiempo de lectura":"1 minuto"},"schema":{"@context":"https:\/\/schema.org","@graph":[{"@type":"WebPage","@id":"https:\/\/vidra.bio\/es\/contacto\/","url":"https:\/\/vidra.bio\/es\/contacto\/","name":"Contacto | Vidra Soluciones Biorracionales","isPartOf":{"@id":"https:\/\/vidra.bio\/es\/#website"},"datePublished":"2023-07-04T18:28:00+00:00","dateModified":"2024-07-04T23:11:26+00:00","description":"Contacta con Vidra, una empresa 100% mexicana con soluciones biorracionales para la protecci\u00f3n de tus cultivos. Desarrollamos soluciones biorracionales para cuidar cultivos, medio ambiente y salud","breadcrumb":{"@id":"https:\/\/vidra.bio\/es\/contacto\/#breadcrumb"},"inLanguage":"es","potentialAction":[{"@type":"ReadAction","target":["https:\/\/vidra.bio\/es\/contacto\/"]}]},{"@type":"BreadcrumbList","@id":"https:\/\/vidra.bio\/es\/contacto\/#breadcrumb","itemListElement":[{"@type":"ListItem","position":1,"name":"Portada","item":"https:\/\/vidra.bio\/es\/"},{"@type":"ListItem","position":2,"name":"Contacto"}]},{"@type":"WebSite","@id":"https:\/\/vidra.bio\/es\/#website","url":"https:\/\/vidra.bio\/es\/","name":"Vidra","description":"Innovaci\u00f3n para el buen rendimiento de tu cultivo","potentialAction":[{"@type":"SearchAction","target":{"@type":"EntryPoint","urlTemplate":"https:\/\/vidra.bio\/es\/?s={search_term_string}"},"query-input":{"@type":"PropertyValueSpecification","valueRequired":true,"valueName":"search_term_string"}}],"inLanguage":"es"}]}},"_links":{"self":[{"href":"https:\/\/vidra.bio\/es\/wp-json\/wp\/v2\/pages\/1308","targetHints":{"allow":["GET"]}}],"collection":[{"href":"https:\/\/vidra.bio\/es\/wp-json\/wp\/v2\/pages"}],"about":[{"href":"https:\/\/vidra.bio\/es\/wp-json\/wp\/v2\/types\/page"}],"author":[{"embeddable":true,"href":"https:\/\/vidra.bio\/es\/wp-json\/wp\/v2\/users\/2"}],"replies":[{"embeddable":true,"href":"https:\/\/vidra.bio\/es\/wp-json\/wp\/v2\/comments?post=1308"}],"version-history":[{"count":11,"href":"https:\/\/vidra.bio\/es\/wp-json\/wp\/v2\/pages\/1308\/revisions"}],"predecessor-version":[{"id":1773,"href":"https:\/\/vidra.bio\/es\/wp-json\/wp\/v2\/pages\/1308\/revisions\/1773"}],"wp:attachment":[{"href":"https:\/\/vidra.bio\/es\/wp-json\/wp\/v2\/media?parent=1308"}],"curies":[{"name":"wp","href":"https:\/\/api.w.org\/{rel}","templated":true}]}}