{"id":1364,"date":"2023-07-10T12:52:02","date_gmt":"2023-07-10T18:52:02","guid":{"rendered":"https:\/\/vidra.bio\/?page_id=1364"},"modified":"2025-05-22T11:33:06","modified_gmt":"2025-05-22T17:33:06","slug":"ryu","status":"publish","type":"page","link":"https:\/\/vidra.bio\/es\/ryu\/","title":{"rendered":"Ryu\u00ae"},"content":{"rendered":"<section class=\"wpb-content-wrapper\"><div data-vc-full-width=\"true\" data-vc-full-width-init=\"false\" class=\"vc_row wpb_row vc_row-fluid vc_custom_1689785757625 vc_row-has-fill bg-image-ps-inherit no-bg-fixed\"><div class=\"wpb_column vc_column_container vc_col-sm-12\"><div class=\"vc_column-inner vc_custom_1541046861726\"><div class=\"wpb_wrapper\"><h1 style=\"font-size: 57px;color: #ffffff;text-align: center;font-family:filson-pro-book;font-weight:400;font-style:normal\" class=\"vc_custom_heading\" >Ryu\u00ae<\/h1><\/div><\/div><\/div><\/div><div class=\"vc_row-full-width vc_clearfix\"><\/div><div class=\"vc_row wpb_row vc_row-fluid bg-image-ps-inherit no-bg-fixed\"><div class=\"wpb_column vc_column_container vc_col-sm-12\"><div class=\"vc_column-inner\"><div class=\"wpb_wrapper\"><div class=\"vc_empty_space\"   style=\"height: 40px\"><span class=\"vc_empty_space_inner\"><\/span><\/div><\/div><\/div><\/div><\/div><div data-vc-full-width=\"true\" data-vc-full-width-init=\"false\" data-vc-stretch-content=\"true\" class=\"vc_row wpb_row vc_row-fluid vc_row-no-padding bg-image-ps-inherit no-bg-fixed\"><div class=\"wpb_column vc_column_container vc_col-sm-4\"><div class=\"vc_column-inner vc_custom_1721667518176\"><div class=\"wpb_wrapper\"><div class=\"wpb_gallery wpb_content_element vc_clearfix\" ><div class=\"wpb_wrapper\"><div class=\"wpb_gallery_slides wpb_flexslider flexslider_fade flexslider\" data-interval=\"3\" data-flex_fx=\"fade\"><ul class=\"slides\"><li><a class=\"\" href=\"https:\/\/vidra.bio\/wp-content\/uploads\/2023\/08\/ryu-new-527x588.png\" data-lightbox=\"lightbox[rel-1364-1473934246]\"><img decoding=\"async\" width=\"527\" height=\"828\" data-src=\"https:\/\/vidra.bio\/wp-content\/uploads\/2023\/08\/ryu-new.png\" class=\"attachment-full lazyload\" alt=\"\" title=\"ryu-new\" src=\"data:image\/svg+xml;base64,PHN2ZyB3aWR0aD0iMSIgaGVpZ2h0PSIxIiB4bWxucz0iaHR0cDovL3d3dy53My5vcmcvMjAwMC9zdmciPjwvc3ZnPg==\" style=\"--smush-placeholder-width: 527px; --smush-placeholder-aspect-ratio: 527\/828;\" \/><\/a><\/li><li><a class=\"\" href=\"https:\/\/vidra.bio\/wp-content\/uploads\/2024\/05\/ryu-2-527x588.jpg\" data-lightbox=\"lightbox[rel-1364-1473934246]\"><img decoding=\"async\" width=\"527\" height=\"828\" data-src=\"https:\/\/vidra.bio\/wp-content\/uploads\/2024\/05\/ryu-2.jpg\" class=\"attachment-full lazyload\" alt=\"\" title=\"ryu-2\" src=\"data:image\/svg+xml;base64,PHN2ZyB3aWR0aD0iMSIgaGVpZ2h0PSIxIiB4bWxucz0iaHR0cDovL3d3dy53My5vcmcvMjAwMC9zdmciPjwvc3ZnPg==\" style=\"--smush-placeholder-width: 527px; --smush-placeholder-aspect-ratio: 527\/828;\" \/><\/a><\/li><li><a class=\"\" href=\"https:\/\/vidra.bio\/wp-content\/uploads\/2024\/05\/ryu-1-527x588.jpg\" data-lightbox=\"lightbox[rel-1364-1473934246]\"><img decoding=\"async\" width=\"527\" height=\"828\" data-src=\"https:\/\/vidra.bio\/wp-content\/uploads\/2024\/05\/ryu-1.jpg\" class=\"attachment-full lazyload\" alt=\"\" title=\"ryu-1\" src=\"data:image\/svg+xml;base64,PHN2ZyB3aWR0aD0iMSIgaGVpZ2h0PSIxIiB4bWxucz0iaHR0cDovL3d3dy53My5vcmcvMjAwMC9zdmciPjwvc3ZnPg==\" style=\"--smush-placeholder-width: 527px; --smush-placeholder-aspect-ratio: 527\/828;\" \/><\/a><\/li><\/ul><\/div><\/div><\/div><\/div><\/div><\/div><div class=\"wpb_column vc_column_container vc_col-sm-8\"><div class=\"vc_column-inner vc_custom_1721667513152\"><div class=\"wpb_wrapper\"><div class=\"vc_empty_space\"   style=\"height: 45px\"><span class=\"vc_empty_space_inner\"><\/span><\/div><div class=\"vc_row wpb_row vc_inner vc_row-fluid bg-image-ps-inherit no-bg-fixed\"><div class=\"wpb_column vc_column_container vc_col-sm-1\/5\"><div class=\"vc_column-inner\"><div class=\"wpb_wrapper\"><div class=\"vc_empty_space\"   style=\"height: 50px\"><span class=\"vc_empty_space_inner\"><\/span><\/div><h3 style=\"font-size: 62px;color: #b9c733;text-align: left;font-family:filson-pro-bold;font-weight:400;font-style:normal\" class=\"vc_custom_heading\" >Ryu\u00ae<\/h3><\/div><\/div><\/div><div class=\"wpb_column vc_column_container vc_col-sm-1\/5\"><div class=\"vc_column-inner\"><div class=\"wpb_wrapper\"><\/div><\/div><\/div><div class=\"wpb_column vc_column_container vc_col-sm-1\/5\"><div class=\"vc_column-inner\"><div class=\"wpb_wrapper\">\n\t<div  class=\"wpb_single_image wpb_content_element vc_align_right  vc_custom_1741886538965 inherit inherit\">\n\t\t\n\t\t<figure class=\"wpb_wrapper vc_figure\">\n\t\t\t<div class=\"vc_single_image-wrapper default  vc_box_border_grey\"><img decoding=\"async\" width=\"103\" height=\"103\" data-src=\"https:\/\/vidra.bio\/wp-content\/uploads\/2025\/03\/Asset-3bioactiva4.png\" class=\"vc_single_image-img attachment-full lazyload\" alt=\"\" title=\"Asset 3bioactiva4\" src=\"data:image\/svg+xml;base64,PHN2ZyB3aWR0aD0iMSIgaGVpZ2h0PSIxIiB4bWxucz0iaHR0cDovL3d3dy53My5vcmcvMjAwMC9zdmciPjwvc3ZnPg==\" style=\"--smush-placeholder-width: 103px; --smush-placeholder-aspect-ratio: 103\/103;\" \/><\/div>\n\t\t<\/figure>\n\t<\/div>\n<h4 style=\"font-size: 16px;color: #299399;text-align: right;font-family:filson-pro-heavy;font-weight:400;font-style:normal\" class=\"vc_custom_heading vc_custom_1741886630839\" >BioActivador<\/h4><\/div><\/div><\/div><div class=\"wpb_column vc_column_container vc_col-sm-1\/5\"><div class=\"vc_column-inner\"><div class=\"wpb_wrapper\"><div class=\"vc_empty_space\"   style=\"height: 35px\"><span class=\"vc_empty_space_inner\"><\/span><\/div>\n\t<div  class=\"wpb_single_image wpb_content_element vc_align_left  inherit inherit\">\n\t\t\n\t\t<figure class=\"wpb_wrapper vc_figure\">\n\t\t\t<div class=\"vc_single_image-wrapper default  vc_box_border_grey\"><img decoding=\"async\" width=\"133\" height=\"89\" data-src=\"https:\/\/vidra.bio\/wp-content\/uploads\/2023\/07\/omri-logo.png\" class=\"vc_single_image-img attachment-full lazyload\" alt=\"\" title=\"omri-logo\" src=\"data:image\/svg+xml;base64,PHN2ZyB3aWR0aD0iMSIgaGVpZ2h0PSIxIiB4bWxucz0iaHR0cDovL3d3dy53My5vcmcvMjAwMC9zdmciPjwvc3ZnPg==\" style=\"--smush-placeholder-width: 133px; --smush-placeholder-aspect-ratio: 133\/89;\" \/><\/div>\n\t\t<\/figure>\n\t<\/div>\n<\/div><\/div><\/div><div class=\"wpb_column vc_column_container vc_col-sm-1\/5\"><div class=\"vc_column-inner\"><div class=\"wpb_wrapper\"><\/div><\/div><\/div><\/div><div class=\"vc_row wpb_row vc_inner vc_row-fluid bg-image-ps-inherit no-bg-fixed\"><div class=\"wpb_column vc_column_container vc_col-sm-10\"><div class=\"vc_column-inner\"><div class=\"wpb_wrapper\">\n\t<div class=\"wpb_text_column wpb_content_element \" >\n\t\t<div class=\"wpb_wrapper\">\n\t\t\t<p><span style=\"font-family: filson-pro-book; font-size: 18pt; color: #708e41;\"><strong>Ryu\u00ae<\/strong>: Potencializa cada hect\u00e1rea con ciencia y sostenibilidad <\/span><\/p>\n<p><span style=\"font-family: filson-pro-book; font-size: 18pt; color: #708e41;\">Ryu\u00ae trasciende la categor\u00eda de biofertilizantes para posicionarse como un BioActivador que transforma radicalmente el manejo agr\u00edcola. Gracias a la sinergia entre Leclercia adecarboxylata y Pseudomonas rhodesiae, Ryu\u00ae redefine el potencial del suelo y el desarrollo de las plantas. Su tecnolog\u00eda no solo mejora la biodisponibilidad de nutrientes cr\u00edticos como el potasio, sino que tambi\u00e9n fortalece la resiliencia del cultivo en entornos convencionales y avanzados. Adem\u00e1s, su capacidad para integrarse perfectamente en sistemas hidrop\u00f3nicos permite optimizar la nutrici\u00f3n y la salud radicular en cultivos de alta tecnolog\u00eda, asegurando salud, productividad y sostenibilidad excepcionales. <\/span><\/p>\n<p><span style=\"font-family: filson-pro-book; font-size: 18pt; color: #708e41;\"><strong>Funciones Esenciales de Ryu\u00ae<\/strong><br \/>\n<\/span><\/p>\n<ol>\n<li><span style=\"font-family: filson-pro-book; font-size: 18pt; color: #708e41;\"><strong>Fertilidad del Suelo Optimizada:<\/strong> Solubiliza eficientemente potasio y mejora la biodisponibilidad de otros nutrientes esenciales, como hierro, f\u00f3sforo y magnesio, asegurando un crecimiento robusto y equilibrado.<br \/>\n<\/span><\/li>\n<li><span style=\"font-family: filson-pro-book; font-size: 18pt; color: #708e41;\"><strong>Protecci\u00f3n Natural Contra Pat\u00f3genos:<\/strong> Crea biofilms protectores y libera metabolitos como iturinas y surfactinas, que forman una barrera activa contra enfermedades del suelo, asegurando ra\u00edces m\u00e1s sanas y cultivos m\u00e1s resilientes.<br \/>\n<\/span><\/li>\n<li><span style=\"font-family: filson-pro-book; font-size: 18pt; color: #708e41;\"><strong>Adaptabilidad Extrema:<\/strong> Garantiza alta efectividad incluso en suelos desafiantes, adapt\u00e1ndose a pH \u00e1cido (3.5) y temperaturas extremas de hasta 52 \u00b0C, gracias a la robustez de sus microorganismos.<br \/>\n<\/span><\/li>\n<li><span style=\"font-family: filson-pro-book; font-size: 18pt; color: #708e41;\"><strong>Sinergia Microbiana para un Suelo M\u00e1s Saludable:<\/strong> La acci\u00f3n conjunta de Leclercia y Pseudomonas no solo revitaliza el suelo, sino que optimiza el equilibrio microbiol\u00f3gico, mejorando la estructura del sustrato y asegurando una fertilidad sostenible y resiliente.<br \/>\n<\/span><\/li>\n<\/ol>\n<p><span style=\"font-family: filson-pro-book; font-size: 18pt; color: #708e41;\">Ryu\u00ae redefine el manejo nutricional y sanitario de tus cultivos al integrar ciencia avanzada con resultados tangibles, <strong>elevando la productividad de cada hect\u00e1rea con un enfoque sostenible.<\/strong><br \/>\n<\/span><\/p>\n\n\t\t<\/div>\n\t<\/div>\n<\/div><\/div><\/div><div class=\"wpb_column vc_column_container vc_col-sm-2\"><div class=\"vc_column-inner\"><div class=\"wpb_wrapper\"><\/div><\/div><\/div><\/div><div class=\"vc_row wpb_row vc_inner vc_row-fluid bg-image-ps-inherit no-bg-fixed\"><div class=\"wpb_column vc_column_container vc_col-sm-12\"><div class=\"vc_column-inner\"><div class=\"wpb_wrapper\"><h2 style=\"font-size: 24px;color: #708e41;text-align: left;font-family:filson-pro-bold;font-weight:400;font-style:normal\" class=\"vc_custom_heading\" >Preguntas frecuentes<\/h2><div  class=\"vc_toggle vc_toggle_default vc_toggle_color_default  vc_toggle_size_md\"><div class=\"vc_toggle_title\"><h2 style=\"font-size: 18px;color: #7c7c7c;line-height: 1;text-align: left;font-family:filson-pro-bold;font-weight:400;font-style:normal\" class=\"vc_custom_heading\" >\u00bfC\u00f3mo act\u00faa Ryu\u00ae a nivel rizosfera para la asimilaci\u00f3n de potasio?<\/h2><i class=\"vc_toggle_icon\"><\/i><\/div><div class=\"vc_toggle_content\"><p>Act\u00faa solubilizando el potasio aumentando la asimilaci\u00f3n de nutrientes en la planta y mejora los problemas ocasionados por estr\u00e9s abi\u00f3tico.<\/p>\n<\/div><\/div><div  class=\"vc_toggle vc_toggle_default vc_toggle_color_default  vc_toggle_size_md\"><div class=\"vc_toggle_title\"><h2 style=\"font-size: 18px;color: #7c7c7c;line-height: 1;text-align: left;font-family:filson-pro-bold;font-weight:400;font-style:normal\" class=\"vc_custom_heading\" >\u00bfEl fr\u00edo o calor disminuye la efectividad y\/o actividad de las bacterias Ryu\u00ae?<\/h2><i class=\"vc_toggle_icon\"><\/i><\/div><div class=\"vc_toggle_content\"><p>Se recomienda hacer las aplicaciones en un clima menor a 45\u00b0 o buscar lapsos de tiempos adecuados para realizar las aplicaciones.<\/p>\n<\/div><\/div><\/div><\/div><\/div><\/div><div class=\"vc_row wpb_row vc_inner vc_row-fluid bg-image-ps-inherit no-bg-fixed\"><div class=\"wpb_column vc_column_container vc_col-sm-12\"><div class=\"vc_column-inner\"><div class=\"wpb_wrapper\">\n\t<div class=\"wpb_text_column wpb_content_element  vc_custom_1715614191253\" >\n\t\t<div class=\"wpb_wrapper\">\n\t\t\t<p style=\"text-align: left;\"><span style=\"color: #708e41;\">Descarga ficha t\u00e9cnica<\/span><br \/>\n<span style=\"color: #708e41;\">y hoja de seguridad<\/span><\/p>\n\n\t\t<\/div>\n\t<\/div>\n<div class=\"vc_empty_space\"   style=\"height: 10px\"><span class=\"vc_empty_space_inner\"><\/span><\/div>\n\t<div class=\"wpb_text_column wpb_content_element  vc_custom_1742403211767\" >\n\t\t<div class=\"wpb_wrapper\">\n\t\t\t<p><a href=\"http:\/\/vidra.bio\/wp-content\/uploads\/2025\/03\/FT-RYU_VIDRA.pdf\" target=\"_blank\" rel=\"noopener\"><img decoding=\"async\" class=\"alignleft wp-image-1281 size-full lazyload\" data-src=\"http:\/\/vidra.bio\/wp-content\/uploads\/2023\/07\/btn-ft.png\" alt=\"\" width=\"66\" height=\"78\" src=\"data:image\/svg+xml;base64,PHN2ZyB3aWR0aD0iMSIgaGVpZ2h0PSIxIiB4bWxucz0iaHR0cDovL3d3dy53My5vcmcvMjAwMC9zdmciPjwvc3ZnPg==\" style=\"--smush-placeholder-width: 66px; --smush-placeholder-aspect-ratio: 66\/78;\" \/><\/a><a href=\"http:\/\/vidra.bio\/wp-content\/uploads\/2023\/08\/HDS-RYU-Vidra.pdf\" target=\"_blank\" rel=\"noopener\"><img decoding=\"async\" class=\"wp-image-1280 size-full alignleft lazyload\" data-src=\"http:\/\/vidra.bio\/wp-content\/uploads\/2023\/07\/btn-hs.png\" alt=\"\" width=\"66\" height=\"78\" src=\"data:image\/svg+xml;base64,PHN2ZyB3aWR0aD0iMSIgaGVpZ2h0PSIxIiB4bWxucz0iaHR0cDovL3d3dy53My5vcmcvMjAwMC9zdmciPjwvc3ZnPg==\" style=\"--smush-placeholder-width: 66px; --smush-placeholder-aspect-ratio: 66\/78;\" \/><\/a><\/p>\n\n\t\t<\/div>\n\t<\/div>\n<\/div><\/div><\/div><\/div><div class=\"vc_empty_space\"   style=\"height: 25px\"><span class=\"vc_empty_space_inner\"><\/span><\/div><\/div><\/div><\/div><\/div><div class=\"vc_row-full-width vc_clearfix\"><\/div>\n<\/section>","protected":false},"excerpt":{"rendered":"Ryu\u00aeRyu\u00ae BioActivador Ryu\u00ae: Potencializa cada hect\u00e1rea con ciencia y sostenibilidad Ryu\u00ae trasciende la categor\u00eda de biofertilizantes para posicionarse como un BioActivador que transforma radicalmente el manejo agr\u00edcola. Gracias a la sinergia entre Leclercia adecarboxylata y Pseudomonas rhodesiae, Ryu\u00ae redefine el potencial del suelo y el desarrollo de las plantas. Su tecnolog\u00eda no solo mejora la [...]","protected":false},"author":2,"featured_media":0,"parent":0,"menu_order":0,"comment_status":"closed","ping_status":"closed","template":"","meta":{"_joinchat":[],"footnotes":""},"class_list":["post-1364","page","type-page","status-publish","hentry"],"yoast_head":"<!-- This site is optimized with the Yoast SEO plugin v26.0 - https:\/\/yoast.com\/wordpress\/plugins\/seo\/ -->\n<title>Ryu | Bio Estimulante solubilizador de potasio<\/title>\n<meta name=\"description\" content=\"Ryu es un solibulizador de potasio, promotor biol\u00f3gico de ra\u00edces, formulado a base de microorganismos que contribuye a la absorci\u00f3n de los nutrientes del suelo y de los fertilizantes aplicados.\" \/>\n<meta name=\"robots\" content=\"index, follow, max-snippet:-1, max-image-preview:large, max-video-preview:-1\" \/>\n<link rel=\"canonical\" href=\"https:\/\/vidra.bio\/es\/ryu\/\" \/>\n<meta property=\"og:locale\" content=\"es_MX\" \/>\n<meta property=\"og:type\" content=\"article\" \/>\n<meta property=\"og:title\" content=\"Ryu | Bio Estimulante solubilizador de potasio\" \/>\n<meta property=\"og:description\" content=\"Ryu es un solibulizador de potasio, promotor biol\u00f3gico de ra\u00edces, formulado a base de microorganismos que contribuye a la absorci\u00f3n de los nutrientes del suelo y de los fertilizantes aplicados.\" \/>\n<meta property=\"og:url\" content=\"https:\/\/vidra.bio\/es\/ryu\/\" \/>\n<meta property=\"og:site_name\" content=\"Vidra\" \/>\n<meta property=\"article:modified_time\" content=\"2025-05-22T17:33:06+00:00\" \/>\n<meta property=\"og:image\" content=\"http:\/\/vidra.bio\/wp-content\/uploads\/2023\/07\/btn-ft.png\" \/>\n<meta name=\"twitter:card\" content=\"summary_large_image\" \/>\n<meta name=\"twitter:label1\" content=\"Tiempo de lectura\" \/>\n\t<meta name=\"twitter:data1\" content=\"3 minutos\" \/>\n<script type=\"application\/ld+json\" class=\"yoast-schema-graph\">{\"@context\":\"https:\/\/schema.org\",\"@graph\":[{\"@type\":\"WebPage\",\"@id\":\"https:\/\/vidra.bio\/es\/ryu\/\",\"url\":\"https:\/\/vidra.bio\/es\/ryu\/\",\"name\":\"Ryu | Bio Estimulante solubilizador de potasio\",\"isPartOf\":{\"@id\":\"http:\/\/vidra.bio\/es\/#website\"},\"primaryImageOfPage\":{\"@id\":\"https:\/\/vidra.bio\/es\/ryu\/#primaryimage\"},\"image\":{\"@id\":\"https:\/\/vidra.bio\/es\/ryu\/#primaryimage\"},\"thumbnailUrl\":\"http:\/\/vidra.bio\/wp-content\/uploads\/2023\/07\/btn-ft.png\",\"datePublished\":\"2023-07-10T18:52:02+00:00\",\"dateModified\":\"2025-05-22T17:33:06+00:00\",\"description\":\"Ryu es un solibulizador de potasio, promotor biol\u00f3gico de ra\u00edces, formulado a base de microorganismos que contribuye a la absorci\u00f3n de los nutrientes del suelo y de los fertilizantes aplicados.\",\"breadcrumb\":{\"@id\":\"https:\/\/vidra.bio\/es\/ryu\/#breadcrumb\"},\"inLanguage\":\"es\",\"potentialAction\":[{\"@type\":\"ReadAction\",\"target\":[\"https:\/\/vidra.bio\/es\/ryu\/\"]}]},{\"@type\":\"ImageObject\",\"inLanguage\":\"es\",\"@id\":\"https:\/\/vidra.bio\/es\/ryu\/#primaryimage\",\"url\":\"http:\/\/vidra.bio\/wp-content\/uploads\/2023\/07\/btn-ft.png\",\"contentUrl\":\"http:\/\/vidra.bio\/wp-content\/uploads\/2023\/07\/btn-ft.png\"},{\"@type\":\"BreadcrumbList\",\"@id\":\"https:\/\/vidra.bio\/es\/ryu\/#breadcrumb\",\"itemListElement\":[{\"@type\":\"ListItem\",\"position\":1,\"name\":\"Portada\",\"item\":\"http:\/\/vidra.bio\/es\/\"},{\"@type\":\"ListItem\",\"position\":2,\"name\":\"Ryu\u00ae\"}]},{\"@type\":\"WebSite\",\"@id\":\"http:\/\/vidra.bio\/es\/#website\",\"url\":\"http:\/\/vidra.bio\/es\/\",\"name\":\"Vidra\",\"description\":\"Innovaci\u00f3n para el buen rendimiento de tu cultivo\",\"potentialAction\":[{\"@type\":\"SearchAction\",\"target\":{\"@type\":\"EntryPoint\",\"urlTemplate\":\"http:\/\/vidra.bio\/es\/?s={search_term_string}\"},\"query-input\":{\"@type\":\"PropertyValueSpecification\",\"valueRequired\":true,\"valueName\":\"search_term_string\"}}],\"inLanguage\":\"es\"}]}<\/script>\n<!-- \/ Yoast SEO plugin. -->","yoast_head_json":{"title":"Ryu | Bio Estimulante solubilizador de potasio","description":"Ryu es un solibulizador de potasio, promotor biol\u00f3gico de ra\u00edces, formulado a base de microorganismos que contribuye a la absorci\u00f3n de los nutrientes del suelo y de los fertilizantes aplicados.","robots":{"index":"index","follow":"follow","max-snippet":"max-snippet:-1","max-image-preview":"max-image-preview:large","max-video-preview":"max-video-preview:-1"},"canonical":"https:\/\/vidra.bio\/es\/ryu\/","og_locale":"es_MX","og_type":"article","og_title":"Ryu | Bio Estimulante solubilizador de potasio","og_description":"Ryu es un solibulizador de potasio, promotor biol\u00f3gico de ra\u00edces, formulado a base de microorganismos que contribuye a la absorci\u00f3n de los nutrientes del suelo y de los fertilizantes aplicados.","og_url":"https:\/\/vidra.bio\/es\/ryu\/","og_site_name":"Vidra","article_modified_time":"2025-05-22T17:33:06+00:00","og_image":[{"url":"http:\/\/vidra.bio\/wp-content\/uploads\/2023\/07\/btn-ft.png","type":"","width":"","height":""}],"twitter_card":"summary_large_image","twitter_misc":{"Tiempo de lectura":"3 minutos"},"schema":{"@context":"https:\/\/schema.org","@graph":[{"@type":"WebPage","@id":"https:\/\/vidra.bio\/es\/ryu\/","url":"https:\/\/vidra.bio\/es\/ryu\/","name":"Ryu | Bio Estimulante solubilizador de potasio","isPartOf":{"@id":"http:\/\/vidra.bio\/es\/#website"},"primaryImageOfPage":{"@id":"https:\/\/vidra.bio\/es\/ryu\/#primaryimage"},"image":{"@id":"https:\/\/vidra.bio\/es\/ryu\/#primaryimage"},"thumbnailUrl":"http:\/\/vidra.bio\/wp-content\/uploads\/2023\/07\/btn-ft.png","datePublished":"2023-07-10T18:52:02+00:00","dateModified":"2025-05-22T17:33:06+00:00","description":"Ryu es un solibulizador de potasio, promotor biol\u00f3gico de ra\u00edces, formulado a base de microorganismos que contribuye a la absorci\u00f3n de los nutrientes del suelo y de los fertilizantes aplicados.","breadcrumb":{"@id":"https:\/\/vidra.bio\/es\/ryu\/#breadcrumb"},"inLanguage":"es","potentialAction":[{"@type":"ReadAction","target":["https:\/\/vidra.bio\/es\/ryu\/"]}]},{"@type":"ImageObject","inLanguage":"es","@id":"https:\/\/vidra.bio\/es\/ryu\/#primaryimage","url":"http:\/\/vidra.bio\/wp-content\/uploads\/2023\/07\/btn-ft.png","contentUrl":"http:\/\/vidra.bio\/wp-content\/uploads\/2023\/07\/btn-ft.png"},{"@type":"BreadcrumbList","@id":"https:\/\/vidra.bio\/es\/ryu\/#breadcrumb","itemListElement":[{"@type":"ListItem","position":1,"name":"Portada","item":"http:\/\/vidra.bio\/es\/"},{"@type":"ListItem","position":2,"name":"Ryu\u00ae"}]},{"@type":"WebSite","@id":"http:\/\/vidra.bio\/es\/#website","url":"http:\/\/vidra.bio\/es\/","name":"Vidra","description":"Innovaci\u00f3n para el buen rendimiento de tu cultivo","potentialAction":[{"@type":"SearchAction","target":{"@type":"EntryPoint","urlTemplate":"http:\/\/vidra.bio\/es\/?s={search_term_string}"},"query-input":{"@type":"PropertyValueSpecification","valueRequired":true,"valueName":"search_term_string"}}],"inLanguage":"es"}]}},"_links":{"self":[{"href":"https:\/\/vidra.bio\/es\/wp-json\/wp\/v2\/pages\/1364","targetHints":{"allow":["GET"]}}],"collection":[{"href":"https:\/\/vidra.bio\/es\/wp-json\/wp\/v2\/pages"}],"about":[{"href":"https:\/\/vidra.bio\/es\/wp-json\/wp\/v2\/types\/page"}],"author":[{"embeddable":true,"href":"https:\/\/vidra.bio\/es\/wp-json\/wp\/v2\/users\/2"}],"replies":[{"embeddable":true,"href":"https:\/\/vidra.bio\/es\/wp-json\/wp\/v2\/comments?post=1364"}],"version-history":[{"count":34,"href":"https:\/\/vidra.bio\/es\/wp-json\/wp\/v2\/pages\/1364\/revisions"}],"predecessor-version":[{"id":2342,"href":"https:\/\/vidra.bio\/es\/wp-json\/wp\/v2\/pages\/1364\/revisions\/2342"}],"wp:attachment":[{"href":"https:\/\/vidra.bio\/es\/wp-json\/wp\/v2\/media?parent=1364"}],"curies":[{"name":"wp","href":"https:\/\/api.w.org\/{rel}","templated":true}]}}