{"id":1368,"date":"2023-07-10T12:57:15","date_gmt":"2023-07-10T18:57:15","guid":{"rendered":"https:\/\/vidra.bio\/?page_id=1368"},"modified":"2025-05-22T11:33:23","modified_gmt":"2025-05-22T17:33:23","slug":"sirrush","status":"publish","type":"page","link":"https:\/\/vidra.bio\/es\/sirrush\/","title":{"rendered":"Sirrush\u00ae"},"content":{"rendered":"<section class=\"wpb-content-wrapper\"><div data-vc-full-width=\"true\" data-vc-full-width-init=\"false\" class=\"vc_row wpb_row vc_row-fluid vc_custom_1689785808331 vc_row-has-fill bg-image-ps-inherit no-bg-fixed\"><div class=\"wpb_column vc_column_container vc_col-sm-12\"><div class=\"vc_column-inner vc_custom_1541046861726\"><div class=\"wpb_wrapper\"><h1 style=\"font-size: 57px;color: #ffffff;text-align: center;font-family:filson-pro-book;font-weight:400;font-style:normal\" class=\"vc_custom_heading\" >Sirrush\u00ae<\/h1><\/div><\/div><\/div><\/div><div class=\"vc_row-full-width vc_clearfix\"><\/div><div class=\"vc_row wpb_row vc_row-fluid bg-image-ps-inherit no-bg-fixed\"><div class=\"wpb_column vc_column_container vc_col-sm-12\"><div class=\"vc_column-inner\"><div class=\"wpb_wrapper\"><div class=\"vc_empty_space\"   style=\"height: 40px\"><span class=\"vc_empty_space_inner\"><\/span><\/div><\/div><\/div><\/div><\/div><div data-vc-full-width=\"true\" data-vc-full-width-init=\"false\" data-vc-stretch-content=\"true\" class=\"vc_row wpb_row vc_row-fluid vc_row-no-padding bg-image-ps-inherit no-bg-fixed\"><div class=\"wpb_column vc_column_container vc_col-sm-4\"><div class=\"vc_column-inner vc_custom_1721667559342\"><div class=\"wpb_wrapper\"><div class=\"wpb_gallery wpb_content_element vc_clearfix\" ><div class=\"wpb_wrapper\"><div class=\"wpb_gallery_slides wpb_flexslider flexslider_fade flexslider\" data-interval=\"3\" data-flex_fx=\"fade\"><ul class=\"slides\"><li><a class=\"\" href=\"https:\/\/vidra.bio\/wp-content\/uploads\/2023\/08\/sirrush-new-527x588.png\" data-lightbox=\"lightbox[rel-1368-469788025]\"><img decoding=\"async\" width=\"527\" height=\"828\" data-src=\"https:\/\/vidra.bio\/wp-content\/uploads\/2023\/08\/sirrush-new.png\" class=\"attachment-full lazyload\" alt=\"\" title=\"sirrush-new\" src=\"data:image\/svg+xml;base64,PHN2ZyB3aWR0aD0iMSIgaGVpZ2h0PSIxIiB4bWxucz0iaHR0cDovL3d3dy53My5vcmcvMjAwMC9zdmciPjwvc3ZnPg==\" style=\"--smush-placeholder-width: 527px; --smush-placeholder-aspect-ratio: 527\/828;\" \/><\/a><\/li><li><a class=\"\" href=\"https:\/\/vidra.bio\/wp-content\/uploads\/2024\/05\/sirrush-1-527x588.jpg\" data-lightbox=\"lightbox[rel-1368-469788025]\"><img decoding=\"async\" width=\"527\" height=\"828\" data-src=\"https:\/\/vidra.bio\/wp-content\/uploads\/2024\/05\/sirrush-1.jpg\" class=\"attachment-full lazyload\" alt=\"\" title=\"sirrush-1\" src=\"data:image\/svg+xml;base64,PHN2ZyB3aWR0aD0iMSIgaGVpZ2h0PSIxIiB4bWxucz0iaHR0cDovL3d3dy53My5vcmcvMjAwMC9zdmciPjwvc3ZnPg==\" style=\"--smush-placeholder-width: 527px; --smush-placeholder-aspect-ratio: 527\/828;\" \/><\/a><\/li><li><a class=\"\" href=\"https:\/\/vidra.bio\/wp-content\/uploads\/2024\/05\/sirrush-2-527x588.jpg\" data-lightbox=\"lightbox[rel-1368-469788025]\"><img decoding=\"async\" width=\"527\" height=\"828\" data-src=\"https:\/\/vidra.bio\/wp-content\/uploads\/2024\/05\/sirrush-2.jpg\" class=\"attachment-full lazyload\" alt=\"\" title=\"sirrush-2\" src=\"data:image\/svg+xml;base64,PHN2ZyB3aWR0aD0iMSIgaGVpZ2h0PSIxIiB4bWxucz0iaHR0cDovL3d3dy53My5vcmcvMjAwMC9zdmciPjwvc3ZnPg==\" style=\"--smush-placeholder-width: 527px; --smush-placeholder-aspect-ratio: 527\/828;\" \/><\/a><\/li><\/ul><\/div><\/div><\/div><\/div><\/div><\/div><div class=\"wpb_column vc_column_container vc_col-sm-8\"><div class=\"vc_column-inner vc_custom_1721667554144\"><div class=\"wpb_wrapper\"><div class=\"vc_empty_space\"   style=\"height: 45px\"><span class=\"vc_empty_space_inner\"><\/span><\/div><div class=\"vc_row wpb_row vc_inner vc_row-fluid bg-image-ps-inherit no-bg-fixed\"><div class=\"wpb_column vc_column_container vc_col-sm-1\/5\"><div class=\"vc_column-inner\"><div class=\"wpb_wrapper\"><div class=\"vc_empty_space\"   style=\"height: 50px\"><span class=\"vc_empty_space_inner\"><\/span><\/div><h3 style=\"font-size: 62px;color: #b9c733;text-align: left;font-family:filson-pro-bold;font-weight:400;font-style:normal\" class=\"vc_custom_heading\" >Sirrush\u00ae<\/h3><\/div><\/div><\/div><div class=\"wpb_column vc_column_container vc_col-sm-1\/5\"><div class=\"vc_column-inner\"><div class=\"wpb_wrapper\"><\/div><\/div><\/div><div class=\"wpb_column vc_column_container vc_col-sm-1\/5\"><div class=\"vc_column-inner\"><div class=\"wpb_wrapper\">\n\t<div  class=\"wpb_single_image wpb_content_element vc_align_right  vc_custom_1741886569480 inherit inherit\">\n\t\t\n\t\t<figure class=\"wpb_wrapper vc_figure\">\n\t\t\t<div class=\"vc_single_image-wrapper default  vc_box_border_grey\"><img decoding=\"async\" width=\"103\" height=\"103\" data-src=\"https:\/\/vidra.bio\/wp-content\/uploads\/2025\/03\/Asset-3bioactiva4.png\" class=\"vc_single_image-img attachment-full lazyload\" alt=\"\" title=\"Asset 3bioactiva4\" src=\"data:image\/svg+xml;base64,PHN2ZyB3aWR0aD0iMSIgaGVpZ2h0PSIxIiB4bWxucz0iaHR0cDovL3d3dy53My5vcmcvMjAwMC9zdmciPjwvc3ZnPg==\" style=\"--smush-placeholder-width: 103px; --smush-placeholder-aspect-ratio: 103\/103;\" \/><\/div>\n\t\t<\/figure>\n\t<\/div>\n<h4 style=\"font-size: 16px;color: #299399;text-align: right;font-family:filson-pro-heavy;font-weight:400;font-style:normal\" class=\"vc_custom_heading vc_custom_1741886640959\" >BioActivador<\/h4><\/div><\/div><\/div><div class=\"wpb_column vc_column_container vc_col-sm-1\/5\"><div class=\"vc_column-inner\"><div class=\"wpb_wrapper\"><div class=\"vc_empty_space\"   style=\"height: 35px\"><span class=\"vc_empty_space_inner\"><\/span><\/div>\n\t<div  class=\"wpb_single_image wpb_content_element vc_align_left  inherit inherit\">\n\t\t\n\t\t<figure class=\"wpb_wrapper vc_figure\">\n\t\t\t<div class=\"vc_single_image-wrapper default  vc_box_border_grey\"><img decoding=\"async\" width=\"133\" height=\"89\" data-src=\"https:\/\/vidra.bio\/wp-content\/uploads\/2023\/07\/omri-logo.png\" class=\"vc_single_image-img attachment-full lazyload\" alt=\"\" title=\"omri-logo\" src=\"data:image\/svg+xml;base64,PHN2ZyB3aWR0aD0iMSIgaGVpZ2h0PSIxIiB4bWxucz0iaHR0cDovL3d3dy53My5vcmcvMjAwMC9zdmciPjwvc3ZnPg==\" style=\"--smush-placeholder-width: 133px; --smush-placeholder-aspect-ratio: 133\/89;\" \/><\/div>\n\t\t<\/figure>\n\t<\/div>\n<\/div><\/div><\/div><div class=\"wpb_column vc_column_container vc_col-sm-1\/5\"><div class=\"vc_column-inner\"><div class=\"wpb_wrapper\"><\/div><\/div><\/div><\/div><div class=\"vc_row wpb_row vc_inner vc_row-fluid bg-image-ps-inherit no-bg-fixed\"><div class=\"wpb_column vc_column_container vc_col-sm-10\"><div class=\"vc_column-inner\"><div class=\"wpb_wrapper\">\n\t<div class=\"wpb_text_column wpb_content_element \" >\n\t\t<div class=\"wpb_wrapper\">\n\t\t\t<p style=\"text-align: justify;\"><span style=\"font-family: filson-pro-book; color: #708e41; font-size: 18pt;\"><strong><span style=\"color: #708e41;\">Sirrush<\/span>\u00ae:<\/strong> Resiliencia Microbiana y Nutrici\u00f3n Inteligente<\/span><\/p>\n<p><span style=\"font-family: filson-pro-book; font-size: 18pt; color: #708e41;\">Sirrush\u00ae Este BioActivador est\u00e1 dise\u00f1ado para transformar cada hect\u00e1rea en un ecosistema resiliente y altamente productivo. Con la poderosa acci\u00f3n de Bacillus velezensis y Bacillus tequilensis, bacterias grampositivas reconocidas por su adaptabilidad extrema y eficacia, Sirrush\u00ae revitaliza suelos, optimiza nutrientes clave como f\u00f3sforo, zinc y hierro, y protege los cultivos de enfermedades del suelo. Dise\u00f1ado para sistemas convencionales y sostenibles, Sirrush\u00ae combina ciencia para maximizar tu producci\u00f3n, ayudando a lograr resultados excepcionales en cada etapa del cultivo.<\/span><\/p>\n<p><strong><span style=\"font-family: filson-pro-book; font-size: 18pt; color: #708e41;\">Funciones esenciales de Sirrush\u00ae<\/span><\/strong><\/p>\n<ol>\n<li><span style=\"font-family: filson-pro-book; font-size: 18pt; color: #708e41;\"><strong>Optimizaci\u00f3n Nutricional Completa:<\/strong> Solubiliza f\u00f3sforo mediante \u00e1cidos org\u00e1nicos y desbloquea micronutrientes esenciales como hierro, zinc, manganeso, calcio y cobre, asegurando un suministro balanceado y continuo para el cultivo. **<\/span><\/li>\n<li><span style=\"font-family: filson-pro-book; font-size: 18pt; color: #708e41;\"><strong>Protecci\u00f3n Activa Contra Pat\u00f3genos:<\/strong> Forma una barrera antimicrobiana efectiva que protege las ra\u00edces y fortalece la salud del suelo.<\/span><\/li>\n<li><span style=\"font-family: filson-pro-book; font-size: 18pt; color: #708e41;\"><strong>Adaptabilidad y Resiliencia:<\/strong> Act\u00faa eficientemente en condiciones de estr\u00e9s, gracias a su estructura grampositiva y resistencia extrema.<\/span><\/li>\n<li><span style=\"font-family: filson-pro-book; font-size: 18pt; color: #708e41;\"><strong>Impacto en la Sustentabilidad:<\/strong> Mejora la fertilidad del suelo, reduciendo la dependencia de fertilizantes qu\u00edmicos y fortaleciendo la sostenibilidad agr\u00edcola.<\/span><\/li>\n<li><span style=\"font-family: filson-pro-book; font-size: 18pt; color: #708e41;\"><strong>Compatibilidad Convencional:<\/strong> Ideal para su integraci\u00f3n en sistemas convencionales y sostenibles, maximizando la eficiencia productiva.<\/span><\/li>\n<\/ol>\n<p><span style=\"font-family: filson-pro-book; font-size: 18pt; color: #708e41;\">Dise\u00f1ado para sistemas agr\u00edcolas desafiantes, Sirrush\u00ae maximiza la biodisponibilidad de nutrientes esenciales como el f\u00f3sforo entre otros y refuerza las defensas naturales del suelo y los cultivos. Con su enfoque en biotecnolog\u00eda sostenible, Sirrush\u00ae no solo aumenta la productividad, sino que asegura un impacto positivo a largo plazo en la salud del suelo.<\/span><\/p>\n\n\t\t<\/div>\n\t<\/div>\n<\/div><\/div><\/div><div class=\"wpb_column vc_column_container vc_col-sm-2\"><div class=\"vc_column-inner\"><div class=\"wpb_wrapper\"><\/div><\/div><\/div><\/div><div class=\"vc_row wpb_row vc_inner vc_row-fluid bg-image-ps-inherit no-bg-fixed\"><div class=\"wpb_column vc_column_container vc_col-sm-12\"><div class=\"vc_column-inner\"><div class=\"wpb_wrapper\"><h2 style=\"font-size: 24px;color: #708e41;text-align: left;font-family:filson-pro-bold;font-weight:400;font-style:normal\" class=\"vc_custom_heading\" >Preguntas frecuentes<\/h2><div  class=\"vc_toggle vc_toggle_default vc_toggle_color_default  vc_toggle_size_md\"><div class=\"vc_toggle_title\"><h2 style=\"font-size: 18px;color: #7c7c7c;line-height: 1;text-align: left;font-family:filson-pro-bold;font-weight:400;font-style:normal\" class=\"vc_custom_heading\" >\u00bfEl fr\u00edo o calor disminuye la efectividad y\/o actividad de las bacterias de Sirrush\u00ae?<\/h2><i class=\"vc_toggle_icon\"><\/i><\/div><div class=\"vc_toggle_content\"><p>La temperatura en el suelo debe ser de un rango entre 21\u00b0 C y 37\u00b0 C, siendo la \u00f3ptima de 28\u00b0C. D\u00e1ndole a las bacterias las condiciones adecuadas, tendremos una mejor eficiencia notable en el cultivo.<\/p>\n<\/div><\/div><\/div><\/div><\/div><\/div><div class=\"vc_row wpb_row vc_inner vc_row-fluid bg-image-ps-inherit no-bg-fixed\"><div class=\"wpb_column vc_column_container vc_col-sm-12\"><div class=\"vc_column-inner\"><div class=\"wpb_wrapper\">\n\t<div class=\"wpb_text_column wpb_content_element  vc_custom_1715629063421\" >\n\t\t<div class=\"wpb_wrapper\">\n\t\t\t<p style=\"text-align: left;\"><span style=\"color: #708e41;\">Descarga ficha t\u00e9cnica<\/span><br \/>\n<span style=\"color: #708e41;\">y hoja de seguridad<\/span><\/p>\n\n\t\t<\/div>\n\t<\/div>\n<div class=\"vc_empty_space\"   style=\"height: 10px\"><span class=\"vc_empty_space_inner\"><\/span><\/div>\n\t<div class=\"wpb_text_column wpb_content_element  vc_custom_1742403182468\" >\n\t\t<div class=\"wpb_wrapper\">\n\t\t\t<p><a href=\"http:\/\/vidra.bio\/wp-content\/uploads\/2025\/03\/FT-SIRRUSH_VIDRA.pdf\" target=\"_blank\" rel=\"noopener\"><img decoding=\"async\" class=\"alignleft wp-image-1281 size-full lazyload\" data-src=\"http:\/\/vidra.bio\/wp-content\/uploads\/2023\/07\/btn-ft.png\" alt=\"\" width=\"66\" height=\"78\" src=\"data:image\/svg+xml;base64,PHN2ZyB3aWR0aD0iMSIgaGVpZ2h0PSIxIiB4bWxucz0iaHR0cDovL3d3dy53My5vcmcvMjAwMC9zdmciPjwvc3ZnPg==\" style=\"--smush-placeholder-width: 66px; --smush-placeholder-aspect-ratio: 66\/78;\" \/><\/a><a href=\"http:\/\/vidra.bio\/wp-content\/uploads\/2023\/08\/HDS-SIRRUSH-Vidra.pdf\" target=\"_blank\" rel=\"noopener\"><img decoding=\"async\" class=\"wp-image-1280 size-full alignleft lazyload\" data-src=\"http:\/\/vidra.bio\/wp-content\/uploads\/2023\/07\/btn-hs.png\" alt=\"\" width=\"66\" height=\"78\" src=\"data:image\/svg+xml;base64,PHN2ZyB3aWR0aD0iMSIgaGVpZ2h0PSIxIiB4bWxucz0iaHR0cDovL3d3dy53My5vcmcvMjAwMC9zdmciPjwvc3ZnPg==\" style=\"--smush-placeholder-width: 66px; --smush-placeholder-aspect-ratio: 66\/78;\" \/><\/a><\/p>\n\n\t\t<\/div>\n\t<\/div>\n<\/div><\/div><\/div><\/div><div class=\"vc_empty_space\"   style=\"height: 25px\"><span class=\"vc_empty_space_inner\"><\/span><\/div><\/div><\/div><\/div><\/div><div class=\"vc_row-full-width vc_clearfix\"><\/div>\n<\/section>","protected":false},"excerpt":{"rendered":"Sirrush\u00aeSirrush\u00ae BioActivador Sirrush\u00ae: Resiliencia Microbiana y Nutrici\u00f3n Inteligente Sirrush\u00ae Este BioActivador est\u00e1 dise\u00f1ado para transformar cada hect\u00e1rea en un ecosistema resiliente y altamente productivo. Con la poderosa acci\u00f3n de Bacillus velezensis y Bacillus tequilensis, bacterias grampositivas reconocidas por su adaptabilidad extrema y eficacia, Sirrush\u00ae revitaliza suelos, optimiza nutrientes clave como f\u00f3sforo, zinc y hierro, y [...]","protected":false},"author":2,"featured_media":0,"parent":0,"menu_order":0,"comment_status":"closed","ping_status":"closed","template":"","meta":{"_joinchat":[],"footnotes":""},"class_list":["post-1368","page","type-page","status-publish","hentry"],"yoast_head":"<!-- This site is optimized with the Yoast SEO plugin v26.0 - https:\/\/yoast.com\/wordpress\/plugins\/seo\/ -->\n<title>Sirrush | Bio Estimulante solubilizador de f\u00f3sforo<\/title>\n<meta name=\"description\" content=\"Sirrush es un solubilizador de f\u00f3sforo, que favorece la absorci\u00f3n de nutrientes y de agua en la rizosfera. Solubiliza el f\u00f3sforo secuestrado en suelo. Ayuda en la supresi\u00f3n de pat\u00f3enos, promueve el crecimiento de la planta, sintetiza lipop\u00e9ptidos c\u00edclicos y polic\u00e9tidos. Ayuda a desencadenar la resistencia sist\u00e9mica inducida en las plantas\" \/>\n<meta name=\"robots\" content=\"index, follow, max-snippet:-1, max-image-preview:large, max-video-preview:-1\" \/>\n<link rel=\"canonical\" href=\"https:\/\/vidra.bio\/es\/sirrush\/\" \/>\n<meta property=\"og:locale\" content=\"es_MX\" \/>\n<meta property=\"og:type\" content=\"article\" \/>\n<meta property=\"og:title\" content=\"Sirrush | Bio Estimulante solubilizador de f\u00f3sforo\" \/>\n<meta property=\"og:description\" content=\"Sirrush es un solubilizador de f\u00f3sforo, que favorece la absorci\u00f3n de nutrientes y de agua en la rizosfera. Solubiliza el f\u00f3sforo secuestrado en suelo. Ayuda en la supresi\u00f3n de pat\u00f3enos, promueve el crecimiento de la planta, sintetiza lipop\u00e9ptidos c\u00edclicos y polic\u00e9tidos. Ayuda a desencadenar la resistencia sist\u00e9mica inducida en las plantas\" \/>\n<meta property=\"og:url\" content=\"https:\/\/vidra.bio\/es\/sirrush\/\" \/>\n<meta property=\"og:site_name\" content=\"Vidra\" \/>\n<meta property=\"article:modified_time\" content=\"2025-05-22T17:33:23+00:00\" \/>\n<meta property=\"og:image\" content=\"http:\/\/vidra.bio\/wp-content\/uploads\/2023\/07\/btn-ft.png\" \/>\n<meta name=\"twitter:card\" content=\"summary_large_image\" \/>\n<meta name=\"twitter:label1\" content=\"Tiempo de lectura\" \/>\n\t<meta name=\"twitter:data1\" content=\"3 minutos\" \/>\n<script type=\"application\/ld+json\" class=\"yoast-schema-graph\">{\"@context\":\"https:\/\/schema.org\",\"@graph\":[{\"@type\":\"WebPage\",\"@id\":\"https:\/\/vidra.bio\/es\/sirrush\/\",\"url\":\"https:\/\/vidra.bio\/es\/sirrush\/\",\"name\":\"Sirrush | Bio Estimulante solubilizador de f\u00f3sforo\",\"isPartOf\":{\"@id\":\"http:\/\/vidra.bio\/es\/#website\"},\"primaryImageOfPage\":{\"@id\":\"https:\/\/vidra.bio\/es\/sirrush\/#primaryimage\"},\"image\":{\"@id\":\"https:\/\/vidra.bio\/es\/sirrush\/#primaryimage\"},\"thumbnailUrl\":\"http:\/\/vidra.bio\/wp-content\/uploads\/2023\/07\/btn-ft.png\",\"datePublished\":\"2023-07-10T18:57:15+00:00\",\"dateModified\":\"2025-05-22T17:33:23+00:00\",\"description\":\"Sirrush es un solubilizador de f\u00f3sforo, que favorece la absorci\u00f3n de nutrientes y de agua en la rizosfera. Solubiliza el f\u00f3sforo secuestrado en suelo. Ayuda en la supresi\u00f3n de pat\u00f3enos, promueve el crecimiento de la planta, sintetiza lipop\u00e9ptidos c\u00edclicos y polic\u00e9tidos. Ayuda a desencadenar la resistencia sist\u00e9mica inducida en las plantas\",\"breadcrumb\":{\"@id\":\"https:\/\/vidra.bio\/es\/sirrush\/#breadcrumb\"},\"inLanguage\":\"es\",\"potentialAction\":[{\"@type\":\"ReadAction\",\"target\":[\"https:\/\/vidra.bio\/es\/sirrush\/\"]}]},{\"@type\":\"ImageObject\",\"inLanguage\":\"es\",\"@id\":\"https:\/\/vidra.bio\/es\/sirrush\/#primaryimage\",\"url\":\"http:\/\/vidra.bio\/wp-content\/uploads\/2023\/07\/btn-ft.png\",\"contentUrl\":\"http:\/\/vidra.bio\/wp-content\/uploads\/2023\/07\/btn-ft.png\"},{\"@type\":\"BreadcrumbList\",\"@id\":\"https:\/\/vidra.bio\/es\/sirrush\/#breadcrumb\",\"itemListElement\":[{\"@type\":\"ListItem\",\"position\":1,\"name\":\"Portada\",\"item\":\"http:\/\/vidra.bio\/es\/\"},{\"@type\":\"ListItem\",\"position\":2,\"name\":\"Sirrush\u00ae\"}]},{\"@type\":\"WebSite\",\"@id\":\"http:\/\/vidra.bio\/es\/#website\",\"url\":\"http:\/\/vidra.bio\/es\/\",\"name\":\"Vidra\",\"description\":\"Innovaci\u00f3n para el buen rendimiento de tu cultivo\",\"potentialAction\":[{\"@type\":\"SearchAction\",\"target\":{\"@type\":\"EntryPoint\",\"urlTemplate\":\"http:\/\/vidra.bio\/es\/?s={search_term_string}\"},\"query-input\":{\"@type\":\"PropertyValueSpecification\",\"valueRequired\":true,\"valueName\":\"search_term_string\"}}],\"inLanguage\":\"es\"}]}<\/script>\n<!-- \/ Yoast SEO plugin. -->","yoast_head_json":{"title":"Sirrush | Bio Estimulante solubilizador de f\u00f3sforo","description":"Sirrush es un solubilizador de f\u00f3sforo, que favorece la absorci\u00f3n de nutrientes y de agua en la rizosfera. Solubiliza el f\u00f3sforo secuestrado en suelo. Ayuda en la supresi\u00f3n de pat\u00f3enos, promueve el crecimiento de la planta, sintetiza lipop\u00e9ptidos c\u00edclicos y polic\u00e9tidos. Ayuda a desencadenar la resistencia sist\u00e9mica inducida en las plantas","robots":{"index":"index","follow":"follow","max-snippet":"max-snippet:-1","max-image-preview":"max-image-preview:large","max-video-preview":"max-video-preview:-1"},"canonical":"https:\/\/vidra.bio\/es\/sirrush\/","og_locale":"es_MX","og_type":"article","og_title":"Sirrush | Bio Estimulante solubilizador de f\u00f3sforo","og_description":"Sirrush es un solubilizador de f\u00f3sforo, que favorece la absorci\u00f3n de nutrientes y de agua en la rizosfera. Solubiliza el f\u00f3sforo secuestrado en suelo. Ayuda en la supresi\u00f3n de pat\u00f3enos, promueve el crecimiento de la planta, sintetiza lipop\u00e9ptidos c\u00edclicos y polic\u00e9tidos. Ayuda a desencadenar la resistencia sist\u00e9mica inducida en las plantas","og_url":"https:\/\/vidra.bio\/es\/sirrush\/","og_site_name":"Vidra","article_modified_time":"2025-05-22T17:33:23+00:00","og_image":[{"url":"http:\/\/vidra.bio\/wp-content\/uploads\/2023\/07\/btn-ft.png","type":"","width":"","height":""}],"twitter_card":"summary_large_image","twitter_misc":{"Tiempo de lectura":"3 minutos"},"schema":{"@context":"https:\/\/schema.org","@graph":[{"@type":"WebPage","@id":"https:\/\/vidra.bio\/es\/sirrush\/","url":"https:\/\/vidra.bio\/es\/sirrush\/","name":"Sirrush | Bio Estimulante solubilizador de f\u00f3sforo","isPartOf":{"@id":"http:\/\/vidra.bio\/es\/#website"},"primaryImageOfPage":{"@id":"https:\/\/vidra.bio\/es\/sirrush\/#primaryimage"},"image":{"@id":"https:\/\/vidra.bio\/es\/sirrush\/#primaryimage"},"thumbnailUrl":"http:\/\/vidra.bio\/wp-content\/uploads\/2023\/07\/btn-ft.png","datePublished":"2023-07-10T18:57:15+00:00","dateModified":"2025-05-22T17:33:23+00:00","description":"Sirrush es un solubilizador de f\u00f3sforo, que favorece la absorci\u00f3n de nutrientes y de agua en la rizosfera. Solubiliza el f\u00f3sforo secuestrado en suelo. Ayuda en la supresi\u00f3n de pat\u00f3enos, promueve el crecimiento de la planta, sintetiza lipop\u00e9ptidos c\u00edclicos y polic\u00e9tidos. Ayuda a desencadenar la resistencia sist\u00e9mica inducida en las plantas","breadcrumb":{"@id":"https:\/\/vidra.bio\/es\/sirrush\/#breadcrumb"},"inLanguage":"es","potentialAction":[{"@type":"ReadAction","target":["https:\/\/vidra.bio\/es\/sirrush\/"]}]},{"@type":"ImageObject","inLanguage":"es","@id":"https:\/\/vidra.bio\/es\/sirrush\/#primaryimage","url":"http:\/\/vidra.bio\/wp-content\/uploads\/2023\/07\/btn-ft.png","contentUrl":"http:\/\/vidra.bio\/wp-content\/uploads\/2023\/07\/btn-ft.png"},{"@type":"BreadcrumbList","@id":"https:\/\/vidra.bio\/es\/sirrush\/#breadcrumb","itemListElement":[{"@type":"ListItem","position":1,"name":"Portada","item":"http:\/\/vidra.bio\/es\/"},{"@type":"ListItem","position":2,"name":"Sirrush\u00ae"}]},{"@type":"WebSite","@id":"http:\/\/vidra.bio\/es\/#website","url":"http:\/\/vidra.bio\/es\/","name":"Vidra","description":"Innovaci\u00f3n para el buen rendimiento de tu cultivo","potentialAction":[{"@type":"SearchAction","target":{"@type":"EntryPoint","urlTemplate":"http:\/\/vidra.bio\/es\/?s={search_term_string}"},"query-input":{"@type":"PropertyValueSpecification","valueRequired":true,"valueName":"search_term_string"}}],"inLanguage":"es"}]}},"_links":{"self":[{"href":"https:\/\/vidra.bio\/es\/wp-json\/wp\/v2\/pages\/1368","targetHints":{"allow":["GET"]}}],"collection":[{"href":"https:\/\/vidra.bio\/es\/wp-json\/wp\/v2\/pages"}],"about":[{"href":"https:\/\/vidra.bio\/es\/wp-json\/wp\/v2\/types\/page"}],"author":[{"embeddable":true,"href":"https:\/\/vidra.bio\/es\/wp-json\/wp\/v2\/users\/2"}],"replies":[{"embeddable":true,"href":"https:\/\/vidra.bio\/es\/wp-json\/wp\/v2\/comments?post=1368"}],"version-history":[{"count":28,"href":"https:\/\/vidra.bio\/es\/wp-json\/wp\/v2\/pages\/1368\/revisions"}],"predecessor-version":[{"id":2343,"href":"https:\/\/vidra.bio\/es\/wp-json\/wp\/v2\/pages\/1368\/revisions\/2343"}],"wp:attachment":[{"href":"https:\/\/vidra.bio\/es\/wp-json\/wp\/v2\/media?parent=1368"}],"curies":[{"name":"wp","href":"https:\/\/api.w.org\/{rel}","templated":true}]}}