{"id":1377,"date":"2024-11-22T11:37:47","date_gmt":"2024-11-22T17:37:47","guid":{"rendered":"https:\/\/vidra.bio\/?page_id=1377"},"modified":"2025-05-22T11:33:48","modified_gmt":"2025-05-22T17:33:48","slug":"yasonte","status":"publish","type":"page","link":"https:\/\/vidra.bio\/es\/yasonte\/","title":{"rendered":"Yasonte\u00ae"},"content":{"rendered":"<section class=\"wpb-content-wrapper\"><div data-vc-full-width=\"true\" data-vc-full-width-init=\"false\" class=\"vc_row wpb_row vc_row-fluid vc_custom_1689785863367 vc_row-has-fill bg-image-ps-inherit no-bg-fixed\"><div class=\"wpb_column vc_column_container vc_col-sm-12\"><div class=\"vc_column-inner vc_custom_1541046861726\"><div class=\"wpb_wrapper\"><h1 style=\"font-size: 57px;color: #ffffff;text-align: center;font-family:filson-pro-book;font-weight:400;font-style:normal\" class=\"vc_custom_heading\" >Yasonte\u00ae<\/h1><\/div><\/div><\/div><\/div><div class=\"vc_row-full-width vc_clearfix\"><\/div><div class=\"vc_row wpb_row vc_row-fluid bg-image-ps-inherit no-bg-fixed\"><div class=\"wpb_column vc_column_container vc_col-sm-12\"><div class=\"vc_column-inner\"><div class=\"wpb_wrapper\"><div class=\"vc_empty_space\"   style=\"height: 40px\"><span class=\"vc_empty_space_inner\"><\/span><\/div><\/div><\/div><\/div><\/div><div data-vc-full-width=\"true\" data-vc-full-width-init=\"false\" data-vc-stretch-content=\"true\" class=\"vc_row wpb_row vc_row-fluid vc_row-no-padding bg-image-ps-inherit no-bg-fixed\"><div class=\"wpb_column vc_column_container vc_col-sm-4\"><div class=\"vc_column-inner vc_custom_1721667610026\"><div class=\"wpb_wrapper\">\n\t<div  class=\"wpb_single_image wpb_content_element vc_align_center  inherit inherit\">\n\t\t\n\t\t<figure class=\"wpb_wrapper vc_figure\">\n\t\t\t<div class=\"vc_single_image-wrapper default  vc_box_border_grey\"><img decoding=\"async\" width=\"527\" height=\"828\" data-src=\"https:\/\/vidra.bio\/wp-content\/uploads\/2024\/12\/ysonte.png\" class=\"vc_single_image-img attachment-full lazyload\" alt=\"\" title=\"ysonte\" src=\"data:image\/svg+xml;base64,PHN2ZyB3aWR0aD0iMSIgaGVpZ2h0PSIxIiB4bWxucz0iaHR0cDovL3d3dy53My5vcmcvMjAwMC9zdmciPjwvc3ZnPg==\" style=\"--smush-placeholder-width: 527px; --smush-placeholder-aspect-ratio: 527\/828;\" \/><\/div>\n\t\t<\/figure>\n\t<\/div>\n<\/div><\/div><\/div><div class=\"wpb_column vc_column_container vc_col-sm-8\"><div class=\"vc_column-inner vc_custom_1721667605120\"><div class=\"wpb_wrapper\"><div class=\"vc_empty_space\"   style=\"height: 45px\"><span class=\"vc_empty_space_inner\"><\/span><\/div><div class=\"vc_row wpb_row vc_inner vc_row-fluid bg-image-ps-inherit no-bg-fixed\"><div class=\"wpb_column vc_column_container vc_col-sm-1\/5\"><div class=\"vc_column-inner\"><div class=\"wpb_wrapper\"><div class=\"vc_empty_space\"   style=\"height: 50px\"><span class=\"vc_empty_space_inner\"><\/span><\/div><h3 style=\"font-size: 62px;color: #ee8b2e;text-align: left;font-family:filson-pro-bold;font-weight:400;font-style:normal\" class=\"vc_custom_heading\" >Yasonte\u00ae<\/h3><\/div><\/div><\/div><div class=\"wpb_column vc_column_container vc_col-sm-1\/5\"><div class=\"vc_column-inner\"><div class=\"wpb_wrapper\"><\/div><\/div><\/div><div class=\"wpb_column vc_column_container vc_col-sm-1\/5\"><div class=\"vc_column-inner\"><div class=\"wpb_wrapper\">\n\t<div  class=\"wpb_single_image wpb_content_element vc_align_right  vc_custom_1689024386797 inherit inherit\">\n\t\t\n\t\t<figure class=\"wpb_wrapper vc_figure\">\n\t\t\t<div class=\"vc_single_image-wrapper default  vc_box_border_grey\"><img decoding=\"async\" width=\"111\" height=\"111\" data-src=\"https:\/\/vidra.bio\/wp-content\/uploads\/2023\/07\/icon-fungi-solucion.png\" class=\"vc_single_image-img attachment-full lazyload\" alt=\"BioFungicida\" title=\"BioFungicida\" src=\"data:image\/svg+xml;base64,PHN2ZyB3aWR0aD0iMSIgaGVpZ2h0PSIxIiB4bWxucz0iaHR0cDovL3d3dy53My5vcmcvMjAwMC9zdmciPjwvc3ZnPg==\" style=\"--smush-placeholder-width: 111px; --smush-placeholder-aspect-ratio: 111\/111;\" \/><\/div>\n\t\t<\/figure>\n\t<\/div>\n<h4 style=\"font-size: 16px;color: #299399;text-align: right;font-family:filson-pro-heavy;font-weight:400;font-style:normal\" class=\"vc_custom_heading vc_custom_1689024367243\" >BioFungicidas<\/h4><\/div><\/div><\/div><div class=\"wpb_column vc_column_container vc_col-sm-1\/5\"><div class=\"vc_column-inner\"><div class=\"wpb_wrapper\"><div class=\"vc_empty_space\"   style=\"height: 35px\"><span class=\"vc_empty_space_inner\"><\/span><\/div>\n\t<div  class=\"wpb_single_image wpb_content_element vc_align_left  inherit inherit\">\n\t\t\n\t\t<figure class=\"wpb_wrapper vc_figure\">\n\t\t\t<div class=\"vc_single_image-wrapper default  vc_box_border_grey\"><img decoding=\"async\" width=\"133\" height=\"89\" data-src=\"https:\/\/vidra.bio\/wp-content\/uploads\/2023\/07\/omri-logo.png\" class=\"vc_single_image-img attachment-full lazyload\" alt=\"\" title=\"omri-logo\" src=\"data:image\/svg+xml;base64,PHN2ZyB3aWR0aD0iMSIgaGVpZ2h0PSIxIiB4bWxucz0iaHR0cDovL3d3dy53My5vcmcvMjAwMC9zdmciPjwvc3ZnPg==\" style=\"--smush-placeholder-width: 133px; --smush-placeholder-aspect-ratio: 133\/89;\" \/><\/div>\n\t\t<\/figure>\n\t<\/div>\n<\/div><\/div><\/div><div class=\"wpb_column vc_column_container vc_col-sm-1\/5\"><div class=\"vc_column-inner\"><div class=\"wpb_wrapper\"><\/div><\/div><\/div><\/div><div class=\"vc_row wpb_row vc_inner vc_row-fluid bg-image-ps-inherit no-bg-fixed\"><div class=\"wpb_column vc_column_container vc_col-sm-10\"><div class=\"vc_column-inner\"><div class=\"wpb_wrapper\">\n\t<div class=\"wpb_text_column wpb_content_element \" >\n\t\t<div class=\"wpb_wrapper\">\n\t\t\t<p style=\"text-align: justify;\"><span style=\"font-family: filson-pro-book; font-size: 18pt; color: #708e41;\"><strong>Yasonte\u00ae<\/strong> es un fungicida microbial ideal para ser utilizado en el manejo integrado de enfermedades foliares y de suelo, las cuales afectan a diferentes cultivos. <\/span><\/p>\n<p style=\"text-align: justify;\"><span style=\"font-family: filson-pro-book; font-size: 18pt; color: #708e41;\"><strong>Yasonte\u00ae<\/strong> est\u00e1 formulado con microorganismos que tienen la capacidad de producir diferentes metabolitos con actividad fungicida. Adem\u00e1s, estos microorganismos pueden formar endosporas, las cuales presentan alta viabilidad, y resistencia al calor y desecaci\u00f3n. Entre los metabolitos con acci\u00f3n fungicida producidos por estos microorganismos Se encuentran micobacilinas, iturinas, bacilomicinas, surfactinas, micosubtilinas, fungistatinas y subporinas, los cuales inhiben enzimas fundamentales de los hongos fitopat\u00f3genos.<br \/>\n<\/span><\/p>\n<p><strong><span style=\"font-family: filson-pro-book; font-size: 18pt; color: #708e41;\">Beneficios:<\/span><\/strong><\/p>\n<ul>\n<li><span style=\"font-family: filson-pro-book; font-size: 18pt; color: #708e41;\">Modo de acci\u00f3n m\u00faltiple debido a la sinergia de los diferentes metabolitos.<\/span><\/li>\n<li><span style=\"font-family: filson-pro-book; font-size: 18pt; color: #708e41;\">Alta capacidad para suprimir hongos, omicetos y bacterias fitopat\u00f3genas.<\/span><\/li>\n<li><span style=\"font-family: filson-pro-book; font-size: 18pt; color: #708e41;\">Poder de adaptaci\u00f3n a diversos ambientes mediante la formaci\u00f3n de endosporas.<\/span><\/li>\n<li><span style=\"font-family: filson-pro-book; font-size: 18pt; color: #708e41;\">Formulaci\u00f3n de calidad y alta tecnolog\u00eda.<\/span><\/li>\n<li><span style=\"font-family: filson-pro-book; font-size: 18pt; color: #708e41;\">Puede ser utilizado en programas de MIE.<\/span><\/li>\n<li><span style=\"font-family: filson-pro-book; font-size: 18pt; color: #708e41;\">Sin LMR \u2018s.<\/span><\/li>\n<\/ul>\n\n\t\t<\/div>\n\t<\/div>\n<\/div><\/div><\/div><div class=\"wpb_column vc_column_container vc_col-sm-2\"><div class=\"vc_column-inner\"><div class=\"wpb_wrapper\"><\/div><\/div><\/div><\/div><div class=\"vc_row wpb_row vc_inner vc_row-fluid bg-image-ps-inherit no-bg-fixed\"><div class=\"wpb_column vc_column_container vc_col-sm-10\"><div class=\"vc_column-inner\"><div class=\"wpb_wrapper\"><h2 style=\"font-size: 24px;color: #708e41;text-align: left;font-family:filson-pro-bold;font-weight:400;font-style:normal\" class=\"vc_custom_heading\" >Preguntas frecuentes<\/h2><div  class=\"vc_toggle vc_toggle_default vc_toggle_color_default  vc_toggle_size_md\"><div class=\"vc_toggle_title\"><h2 style=\"font-size: 18px;color: #7c7c7c;line-height: 1;text-align: left;font-family:filson-pro-bold;font-weight:400;font-style:normal\" class=\"vc_custom_heading\" >\u00bfCu\u00e1les son las condiciones \u00f3ptimas de aplicaci\u00f3n del BioFungicida Yasonte\u00ae?<\/h2><i class=\"vc_toggle_icon\"><\/i><\/div><div class=\"vc_toggle_content\"><p>En aplicaciones al suelo a trav\u00e9s del sistema de riego es recomendable hacer la aplicaci\u00f3n despu\u00e9s del primer tercio del riego. Si las aplicaciones son v\u00eda drench, utilizar un volumen de 50 ml de la mezcla dirigidos a la base de la planta. Es importante contar con humedad en el suelo al momento de realizar las aplicaciones y verificar los niveles de pH en suelo de 5.0 a 7.0<\/p>\n<p>En aplicaciones foliares es preferible realizar las aplicaciones de Yasonte\u00ae por las ma\u00f1anas o en las tardes cuando las temperaturas son bajas y en condiciones de baja irradiaci\u00f3n solar, evitando las altas temperaturas. Se recomienda regular el pH de agua a niveles de 5.0 a 7.0.<\/p>\n<p>En ambos tipos de aplicaciones es importante evitar la mezcla con cobres, azufres y bactericidas. Al momento de la preparaci\u00f3n y aplicaci\u00f3n del producto utilizar el equipo de protecci\u00f3n personal: overol, guantes de neopreno, mascarilla con filtros para neblinas o vapores, lentes de seguridad, gorra impermeable y zapato cerrado.<\/p>\n<\/div><\/div><div  class=\"vc_toggle vc_toggle_default vc_toggle_color_default  vc_toggle_size_md\"><div class=\"vc_toggle_title\"><h2 style=\"font-size: 18px;color: #7c7c7c;line-height: 1;text-align: left;font-family:filson-pro-bold;font-weight:400;font-style:normal\" class=\"vc_custom_heading\" >\u00bfCu\u00e1les son las plagas que controla Yasonte\u00ae?<\/h2><i class=\"vc_toggle_icon\"><\/i><\/div><div class=\"vc_toggle_content\"><p>Nuestro BioFungicida Yasonte\u00ae es una soluci\u00f3n que puede utilizarse para el manejo preventivo de enfermedades de suelo, tales como: Damping off, ra\u00edz rosada, Fusarium spp. y Phytophthora spp. As\u00ed mismo, es una soluci\u00f3n que puede utilizarse en el manejo de enfermedades foliares; cenicillas, botrytis, antracnosis, mildiu, mancha p\u00farpura.<\/p>\n<\/div><\/div><div  class=\"vc_toggle vc_toggle_default vc_toggle_color_default  vc_toggle_size_md\"><div class=\"vc_toggle_title\"><h2 style=\"font-size: 18px;color: #7c7c7c;line-height: 1;text-align: left;font-family:filson-pro-bold;font-weight:400;font-style:normal\" class=\"vc_custom_heading\" >\u00bfCu\u00e1l es el intervalo de seguridad de Yasonte\u00ae?<\/h2><i class=\"vc_toggle_icon\"><\/i><\/div><div class=\"vc_toggle_content\"><p>Cero d\u00edas de cosecha para todos los cultivos indicados en la etiqueta.<\/p>\n<\/div><\/div><div  class=\"vc_toggle vc_toggle_default vc_toggle_color_default  vc_toggle_size_md\"><div class=\"vc_toggle_title\"><h2 style=\"font-size: 18px;color: #7c7c7c;line-height: 1;text-align: left;font-family:filson-pro-bold;font-weight:400;font-style:normal\" class=\"vc_custom_heading\" >\u00bfCuenta con sello OMRI y registro COFEPRIS?<\/h2><i class=\"vc_toggle_icon\"><\/i><\/div><div class=\"vc_toggle_content\"><p>Yasonte\u00ae cuenta con sello OMRI y registro COFEPRIS.<\/p>\n<\/div><\/div><\/div><\/div><\/div><div class=\"wpb_column vc_column_container vc_col-sm-2\"><div class=\"vc_column-inner\"><div class=\"wpb_wrapper\"><\/div><\/div><\/div><\/div><div class=\"vc_row wpb_row vc_inner vc_row-fluid bg-image-ps-inherit no-bg-fixed\"><div class=\"wpb_column vc_column_container vc_col-sm-12\"><div class=\"vc_column-inner\"><div class=\"wpb_wrapper\">\n\t<div class=\"wpb_text_column wpb_content_element  vc_custom_1715644348281\" >\n\t\t<div class=\"wpb_wrapper\">\n\t\t\t<p style=\"text-align: left;\"><span style=\"color: #708e41;\">Descarga ficha t\u00e9cnica<\/span><br \/>\n<span style=\"color: #708e41;\">y hoja de seguridad<\/span><\/p>\n\n\t\t<\/div>\n\t<\/div>\n<div class=\"vc_empty_space\"   style=\"height: 10px\"><span class=\"vc_empty_space_inner\"><\/span><\/div>\n\t<div class=\"wpb_text_column wpb_content_element  vc_custom_1742403152099\" >\n\t\t<div class=\"wpb_wrapper\">\n\t\t\t<p><a href=\"http:\/\/vidra.bio\/wp-content\/uploads\/2025\/03\/FT-YASONTE_VIDRA.pdf\" target=\"_blank\" rel=\"noopener\"><img decoding=\"async\" class=\"alignleft wp-image-1281 size-full lazyload\" data-src=\"http:\/\/vidra.bio\/wp-content\/uploads\/2023\/07\/btn-ft.png\" alt=\"\" width=\"66\" height=\"78\" src=\"data:image\/svg+xml;base64,PHN2ZyB3aWR0aD0iMSIgaGVpZ2h0PSIxIiB4bWxucz0iaHR0cDovL3d3dy53My5vcmcvMjAwMC9zdmciPjwvc3ZnPg==\" style=\"--smush-placeholder-width: 66px; --smush-placeholder-aspect-ratio: 66\/78;\" \/><\/a><a href=\"http:\/\/vidra.bio\/wp-content\/uploads\/2024\/11\/HDS-YASONTE-2024.pdf\" target=\"_blank\" rel=\"noopener\"><img decoding=\"async\" class=\"alignleft wp-image-1280 size-full lazyload\" data-src=\"http:\/\/vidra.bio\/wp-content\/uploads\/2023\/07\/btn-hs.png\" alt=\"\" width=\"66\" height=\"78\" src=\"data:image\/svg+xml;base64,PHN2ZyB3aWR0aD0iMSIgaGVpZ2h0PSIxIiB4bWxucz0iaHR0cDovL3d3dy53My5vcmcvMjAwMC9zdmciPjwvc3ZnPg==\" style=\"--smush-placeholder-width: 66px; --smush-placeholder-aspect-ratio: 66\/78;\" \/><\/a><\/p>\n\n\t\t<\/div>\n\t<\/div>\n<\/div><\/div><\/div><\/div><div class=\"vc_empty_space\"   style=\"height: 25px\"><span class=\"vc_empty_space_inner\"><\/span><\/div><\/div><\/div><\/div><\/div><div class=\"vc_row-full-width vc_clearfix\"><\/div>\n<\/section>","protected":false},"excerpt":{"rendered":"Yasonte\u00ae Yasonte\u00ae BioFungicidas Yasonte\u00ae es un fungicida microbial ideal para ser utilizado en el manejo integrado de enfermedades foliares y de suelo, las cuales afectan a diferentes cultivos. Yasonte\u00ae est\u00e1 formulado con microorganismos que tienen la capacidad de producir diferentes metabolitos con actividad fungicida. Adem\u00e1s, estos microorganismos pueden formar endosporas, las cuales presentan alta viabilidad, [...]","protected":false},"author":2,"featured_media":0,"parent":0,"menu_order":0,"comment_status":"closed","ping_status":"closed","template":"","meta":{"_joinchat":[],"footnotes":""},"class_list":["post-1377","page","type-page","status-publish","hentry"],"yoast_head":"<!-- This site is optimized with the Yoast SEO plugin v26.0 - https:\/\/yoast.com\/wordpress\/plugins\/seo\/ -->\n<title>Yasonte | BioFungicida | Bio Fungicida microbial<\/title>\n<meta name=\"description\" content=\"Yasonte es un fungicida microbial ideal para ser utilizado en el manejo integrado de enfermedades foliares y de suelo, las cuales afectan a diferentes cultivos.\" \/>\n<meta name=\"robots\" content=\"index, follow, max-snippet:-1, max-image-preview:large, max-video-preview:-1\" \/>\n<link rel=\"canonical\" href=\"https:\/\/vidra.bio\/es\/yasonte\/\" \/>\n<meta property=\"og:locale\" content=\"es_MX\" \/>\n<meta property=\"og:type\" content=\"article\" \/>\n<meta property=\"og:title\" content=\"Yasonte | BioFungicida | Bio Fungicida microbial\" \/>\n<meta property=\"og:description\" content=\"Yasonte es un fungicida microbial ideal para ser utilizado en el manejo integrado de enfermedades foliares y de suelo, las cuales afectan a diferentes cultivos.\" \/>\n<meta property=\"og:url\" content=\"https:\/\/vidra.bio\/es\/yasonte\/\" \/>\n<meta property=\"og:site_name\" content=\"Vidra\" \/>\n<meta property=\"article:modified_time\" content=\"2025-05-22T17:33:48+00:00\" \/>\n<meta property=\"og:image\" content=\"http:\/\/vidra.bio\/wp-content\/uploads\/2023\/07\/btn-ft.png\" \/>\n<meta name=\"twitter:card\" content=\"summary_large_image\" \/>\n<meta name=\"twitter:label1\" content=\"Tiempo de lectura\" \/>\n\t<meta name=\"twitter:data1\" content=\"3 minutos\" \/>\n<script type=\"application\/ld+json\" class=\"yoast-schema-graph\">{\"@context\":\"https:\/\/schema.org\",\"@graph\":[{\"@type\":\"WebPage\",\"@id\":\"https:\/\/vidra.bio\/es\/yasonte\/\",\"url\":\"https:\/\/vidra.bio\/es\/yasonte\/\",\"name\":\"Yasonte | BioFungicida | Bio Fungicida microbial\",\"isPartOf\":{\"@id\":\"https:\/\/vidra.bio\/es\/#website\"},\"primaryImageOfPage\":{\"@id\":\"https:\/\/vidra.bio\/es\/yasonte\/#primaryimage\"},\"image\":{\"@id\":\"https:\/\/vidra.bio\/es\/yasonte\/#primaryimage\"},\"thumbnailUrl\":\"http:\/\/vidra.bio\/wp-content\/uploads\/2023\/07\/btn-ft.png\",\"datePublished\":\"2024-11-22T17:37:47+00:00\",\"dateModified\":\"2025-05-22T17:33:48+00:00\",\"description\":\"Yasonte es un fungicida microbial ideal para ser utilizado en el manejo integrado de enfermedades foliares y de suelo, las cuales afectan a diferentes cultivos.\",\"breadcrumb\":{\"@id\":\"https:\/\/vidra.bio\/es\/yasonte\/#breadcrumb\"},\"inLanguage\":\"es\",\"potentialAction\":[{\"@type\":\"ReadAction\",\"target\":[\"https:\/\/vidra.bio\/es\/yasonte\/\"]}]},{\"@type\":\"ImageObject\",\"inLanguage\":\"es\",\"@id\":\"https:\/\/vidra.bio\/es\/yasonte\/#primaryimage\",\"url\":\"http:\/\/vidra.bio\/wp-content\/uploads\/2023\/07\/btn-ft.png\",\"contentUrl\":\"http:\/\/vidra.bio\/wp-content\/uploads\/2023\/07\/btn-ft.png\"},{\"@type\":\"BreadcrumbList\",\"@id\":\"https:\/\/vidra.bio\/es\/yasonte\/#breadcrumb\",\"itemListElement\":[{\"@type\":\"ListItem\",\"position\":1,\"name\":\"Portada\",\"item\":\"https:\/\/vidra.bio\/es\/\"},{\"@type\":\"ListItem\",\"position\":2,\"name\":\"Yasonte\u00ae\"}]},{\"@type\":\"WebSite\",\"@id\":\"https:\/\/vidra.bio\/es\/#website\",\"url\":\"https:\/\/vidra.bio\/es\/\",\"name\":\"Vidra\",\"description\":\"Innovaci\u00f3n para el buen rendimiento de tu cultivo\",\"potentialAction\":[{\"@type\":\"SearchAction\",\"target\":{\"@type\":\"EntryPoint\",\"urlTemplate\":\"https:\/\/vidra.bio\/es\/?s={search_term_string}\"},\"query-input\":{\"@type\":\"PropertyValueSpecification\",\"valueRequired\":true,\"valueName\":\"search_term_string\"}}],\"inLanguage\":\"es\"}]}<\/script>\n<!-- \/ Yoast SEO plugin. -->","yoast_head_json":{"title":"Yasonte | BioFungicida | Bio Fungicida microbial","description":"Yasonte es un fungicida microbial ideal para ser utilizado en el manejo integrado de enfermedades foliares y de suelo, las cuales afectan a diferentes cultivos.","robots":{"index":"index","follow":"follow","max-snippet":"max-snippet:-1","max-image-preview":"max-image-preview:large","max-video-preview":"max-video-preview:-1"},"canonical":"https:\/\/vidra.bio\/es\/yasonte\/","og_locale":"es_MX","og_type":"article","og_title":"Yasonte | BioFungicida | Bio Fungicida microbial","og_description":"Yasonte es un fungicida microbial ideal para ser utilizado en el manejo integrado de enfermedades foliares y de suelo, las cuales afectan a diferentes cultivos.","og_url":"https:\/\/vidra.bio\/es\/yasonte\/","og_site_name":"Vidra","article_modified_time":"2025-05-22T17:33:48+00:00","og_image":[{"url":"http:\/\/vidra.bio\/wp-content\/uploads\/2023\/07\/btn-ft.png","type":"","width":"","height":""}],"twitter_card":"summary_large_image","twitter_misc":{"Tiempo de lectura":"3 minutos"},"schema":{"@context":"https:\/\/schema.org","@graph":[{"@type":"WebPage","@id":"https:\/\/vidra.bio\/es\/yasonte\/","url":"https:\/\/vidra.bio\/es\/yasonte\/","name":"Yasonte | BioFungicida | Bio Fungicida microbial","isPartOf":{"@id":"https:\/\/vidra.bio\/es\/#website"},"primaryImageOfPage":{"@id":"https:\/\/vidra.bio\/es\/yasonte\/#primaryimage"},"image":{"@id":"https:\/\/vidra.bio\/es\/yasonte\/#primaryimage"},"thumbnailUrl":"http:\/\/vidra.bio\/wp-content\/uploads\/2023\/07\/btn-ft.png","datePublished":"2024-11-22T17:37:47+00:00","dateModified":"2025-05-22T17:33:48+00:00","description":"Yasonte es un fungicida microbial ideal para ser utilizado en el manejo integrado de enfermedades foliares y de suelo, las cuales afectan a diferentes cultivos.","breadcrumb":{"@id":"https:\/\/vidra.bio\/es\/yasonte\/#breadcrumb"},"inLanguage":"es","potentialAction":[{"@type":"ReadAction","target":["https:\/\/vidra.bio\/es\/yasonte\/"]}]},{"@type":"ImageObject","inLanguage":"es","@id":"https:\/\/vidra.bio\/es\/yasonte\/#primaryimage","url":"http:\/\/vidra.bio\/wp-content\/uploads\/2023\/07\/btn-ft.png","contentUrl":"http:\/\/vidra.bio\/wp-content\/uploads\/2023\/07\/btn-ft.png"},{"@type":"BreadcrumbList","@id":"https:\/\/vidra.bio\/es\/yasonte\/#breadcrumb","itemListElement":[{"@type":"ListItem","position":1,"name":"Portada","item":"https:\/\/vidra.bio\/es\/"},{"@type":"ListItem","position":2,"name":"Yasonte\u00ae"}]},{"@type":"WebSite","@id":"https:\/\/vidra.bio\/es\/#website","url":"https:\/\/vidra.bio\/es\/","name":"Vidra","description":"Innovaci\u00f3n para el buen rendimiento de tu cultivo","potentialAction":[{"@type":"SearchAction","target":{"@type":"EntryPoint","urlTemplate":"https:\/\/vidra.bio\/es\/?s={search_term_string}"},"query-input":{"@type":"PropertyValueSpecification","valueRequired":true,"valueName":"search_term_string"}}],"inLanguage":"es"}]}},"_links":{"self":[{"href":"https:\/\/vidra.bio\/es\/wp-json\/wp\/v2\/pages\/1377","targetHints":{"allow":["GET"]}}],"collection":[{"href":"https:\/\/vidra.bio\/es\/wp-json\/wp\/v2\/pages"}],"about":[{"href":"https:\/\/vidra.bio\/es\/wp-json\/wp\/v2\/types\/page"}],"author":[{"embeddable":true,"href":"https:\/\/vidra.bio\/es\/wp-json\/wp\/v2\/users\/2"}],"replies":[{"embeddable":true,"href":"https:\/\/vidra.bio\/es\/wp-json\/wp\/v2\/comments?post=1377"}],"version-history":[{"count":24,"href":"https:\/\/vidra.bio\/es\/wp-json\/wp\/v2\/pages\/1377\/revisions"}],"predecessor-version":[{"id":2344,"href":"https:\/\/vidra.bio\/es\/wp-json\/wp\/v2\/pages\/1377\/revisions\/2344"}],"wp:attachment":[{"href":"https:\/\/vidra.bio\/es\/wp-json\/wp\/v2\/media?parent=1377"}],"curies":[{"name":"wp","href":"https:\/\/api.w.org\/{rel}","templated":true}]}}