{"id":1657,"date":"2024-11-22T11:37:46","date_gmt":"2024-11-22T17:37:46","guid":{"rendered":"https:\/\/vidra.bio\/?page_id=1657"},"modified":"2025-05-22T11:30:26","modified_gmt":"2025-05-22T17:30:26","slug":"burhan","status":"publish","type":"page","link":"https:\/\/vidra.bio\/es\/burhan\/","title":{"rendered":"Burhan\u00ae"},"content":{"rendered":"<section class=\"wpb-content-wrapper\"><div data-vc-full-width=\"true\" data-vc-full-width-init=\"false\" class=\"vc_row wpb_row vc_row-fluid vc_custom_1689785307707 vc_row-has-fill bg-image-ps-inherit no-bg-fixed\"><div class=\"wpb_column vc_column_container vc_col-sm-12\"><div class=\"vc_column-inner vc_custom_1541046861726\"><div class=\"wpb_wrapper\"><h1 style=\"font-size: 57px;color: #ffffff;text-align: center;font-family:filson-pro-book;font-weight:400;font-style:normal\" class=\"vc_custom_heading\" >Burhan\u00ae<\/h1><\/div><\/div><\/div><\/div><div class=\"vc_row-full-width vc_clearfix\"><\/div><div class=\"vc_row wpb_row vc_row-fluid bg-image-ps-inherit no-bg-fixed\"><div class=\"wpb_column vc_column_container vc_col-sm-12\"><div class=\"vc_column-inner\"><div class=\"wpb_wrapper\"><div class=\"vc_empty_space\"   style=\"height: 40px\"><span class=\"vc_empty_space_inner\"><\/span><\/div><\/div><\/div><\/div><\/div><div data-vc-full-width=\"true\" data-vc-full-width-init=\"false\" data-vc-stretch-content=\"true\" class=\"vc_row wpb_row vc_row-fluid vc_row-no-padding bg-image-ps-inherit no-bg-fixed\"><div class=\"wpb_column vc_column_container vc_col-sm-4\"><div class=\"vc_column-inner vc_custom_1721666352836\"><div class=\"wpb_wrapper\">\n\t<div  class=\"wpb_single_image wpb_content_element vc_align_center  inherit inherit\">\n\t\t\n\t\t<figure class=\"wpb_wrapper vc_figure\">\n\t\t\t<div class=\"vc_single_image-wrapper default  vc_box_border_grey\"><img decoding=\"async\" width=\"527\" height=\"828\" data-src=\"https:\/\/vidra.bio\/wp-content\/uploads\/2024\/12\/burhan.png\" class=\"vc_single_image-img attachment-full lazyload\" alt=\"\" title=\"burhan\" src=\"data:image\/svg+xml;base64,PHN2ZyB3aWR0aD0iMSIgaGVpZ2h0PSIxIiB4bWxucz0iaHR0cDovL3d3dy53My5vcmcvMjAwMC9zdmciPjwvc3ZnPg==\" style=\"--smush-placeholder-width: 527px; --smush-placeholder-aspect-ratio: 527\/828;\" \/><\/div>\n\t\t<\/figure>\n\t<\/div>\n<\/div><\/div><\/div><div class=\"wpb_column vc_column_container vc_col-sm-8\"><div class=\"vc_column-inner vc_custom_1721666342990\"><div class=\"wpb_wrapper\"><div class=\"vc_empty_space\"   style=\"height: 45px\"><span class=\"vc_empty_space_inner\"><\/span><\/div><div class=\"vc_row wpb_row vc_inner vc_row-fluid bg-image-ps-inherit no-bg-fixed\"><div class=\"wpb_column vc_column_container vc_col-sm-1\/5\"><div class=\"vc_column-inner\"><div class=\"wpb_wrapper\"><div class=\"vc_empty_space\"   style=\"height: 50px\"><span class=\"vc_empty_space_inner\"><\/span><\/div><h3 style=\"font-size: 62px;color: #ee8b2e;text-align: left;font-family:filson-pro-bold;font-weight:400;font-style:normal\" class=\"vc_custom_heading\" >Burhan\u00ae<\/h3><\/div><\/div><\/div><div class=\"wpb_column vc_column_container vc_col-sm-1\/5\"><div class=\"vc_column-inner\"><div class=\"wpb_wrapper\"><\/div><\/div><\/div><div class=\"wpb_column vc_column_container vc_col-sm-1\/5\"><div class=\"vc_column-inner\"><div class=\"wpb_wrapper\">\n\t<div  class=\"wpb_single_image wpb_content_element vc_align_right  vc_custom_1689024386797 inherit inherit\">\n\t\t\n\t\t<figure class=\"wpb_wrapper vc_figure\">\n\t\t\t<div class=\"vc_single_image-wrapper default  vc_box_border_grey\"><img decoding=\"async\" width=\"111\" height=\"111\" data-src=\"https:\/\/vidra.bio\/wp-content\/uploads\/2023\/07\/icon-fungi-solucion.png\" class=\"vc_single_image-img attachment-full lazyload\" alt=\"BioFungicida\" title=\"BioFungicida\" src=\"data:image\/svg+xml;base64,PHN2ZyB3aWR0aD0iMSIgaGVpZ2h0PSIxIiB4bWxucz0iaHR0cDovL3d3dy53My5vcmcvMjAwMC9zdmciPjwvc3ZnPg==\" style=\"--smush-placeholder-width: 111px; --smush-placeholder-aspect-ratio: 111\/111;\" \/><\/div>\n\t\t<\/figure>\n\t<\/div>\n<h4 style=\"font-size: 16px;color: #299399;text-align: right;font-family:filson-pro-heavy;font-weight:400;font-style:normal\" class=\"vc_custom_heading vc_custom_1689024367243\" >BioFungicidas<\/h4><\/div><\/div><\/div><div class=\"wpb_column vc_column_container vc_col-sm-1\/5\"><div class=\"vc_column-inner\"><div class=\"wpb_wrapper\"><div class=\"vc_empty_space\"   style=\"height: 35px\"><span class=\"vc_empty_space_inner\"><\/span><\/div>\n\t<div  class=\"wpb_single_image wpb_content_element vc_align_left  inherit inherit\">\n\t\t\n\t\t<figure class=\"wpb_wrapper vc_figure\">\n\t\t\t<div class=\"vc_single_image-wrapper default  vc_box_border_grey\"><img decoding=\"async\" width=\"133\" height=\"89\" data-src=\"https:\/\/vidra.bio\/wp-content\/uploads\/2023\/07\/omri-logo.png\" class=\"vc_single_image-img attachment-full lazyload\" alt=\"\" title=\"omri-logo\" src=\"data:image\/svg+xml;base64,PHN2ZyB3aWR0aD0iMSIgaGVpZ2h0PSIxIiB4bWxucz0iaHR0cDovL3d3dy53My5vcmcvMjAwMC9zdmciPjwvc3ZnPg==\" style=\"--smush-placeholder-width: 133px; --smush-placeholder-aspect-ratio: 133\/89;\" \/><\/div>\n\t\t<\/figure>\n\t<\/div>\n<\/div><\/div><\/div><div class=\"wpb_column vc_column_container vc_col-sm-1\/5\"><div class=\"vc_column-inner\"><div class=\"wpb_wrapper\"><\/div><\/div><\/div><\/div><div class=\"vc_row wpb_row vc_inner vc_row-fluid bg-image-ps-inherit no-bg-fixed\"><div class=\"wpb_column vc_column_container vc_col-sm-10\"><div class=\"vc_column-inner\"><div class=\"wpb_wrapper\">\n\t<div class=\"wpb_text_column wpb_content_element \" >\n\t\t<div class=\"wpb_wrapper\">\n\t\t\t<p><span style=\"font-family: filson-pro-book; font-size: 18pt; color: #708e41;\"><strong>Burhan\u00ae<\/strong> est\u00e1 formulado con esporas de Bacillus spp., las cuales producen diferentes metabolitos y enzimas con actividad fungicida. As\u00ed mismo, fitohormonas y compuestos que le permiten a la planta fijar y competir por nutrientes como nitr\u00f3geno y f\u00f3sforo.<\/span><\/p>\n<p><span style=\"font-family: filson-pro-book; font-size: 18pt; color: #708e41;\">Entre los principales metabolitos producidos por esta bacteria se encuentran el Iturin, Fengicin, Surfactin, Bacilomycin, entre otros, los cuales presentan acci\u00f3n fungicida al inhibir enzimas fundamentales para los hongos fitopat\u00f3genos. As\u00ed mismo, estos microorganismos producen \u00e1cido salic\u00edlico, sustancia que inhibe la germinaci\u00f3n de las esporas de hongos.<\/span><\/p>\n<p><span style=\"font-family: filson-pro-book; font-size: 18pt; color: #708e41;\">La formulaci\u00f3n de<strong> Burhan\u00ae<\/strong> induce a la planta a activar su resistencia sist\u00e9mica, adem\u00e1s de alterar la estructura y la permeabilidad de la membrana celular de hongos fitopat\u00f3genos. Tambi\u00e9n tiene la capacidad de competir por nutrientes y de producir compuestos vol\u00e1tiles con acci\u00f3n antif\u00fangica.<\/span><\/p>\n\n\t\t<\/div>\n\t<\/div>\n<\/div><\/div><\/div><div class=\"wpb_column vc_column_container vc_col-sm-2\"><div class=\"vc_column-inner\"><div class=\"wpb_wrapper\"><\/div><\/div><\/div><\/div><div class=\"vc_row wpb_row vc_inner vc_row-fluid bg-image-ps-inherit no-bg-fixed\"><div class=\"wpb_column vc_column_container vc_col-sm-10\"><div class=\"vc_column-inner\"><div class=\"wpb_wrapper\"><h2 style=\"font-size: 24px;color: #708e41;text-align: left;font-family:filson-pro-bold;font-weight:400;font-style:normal\" class=\"vc_custom_heading\" >Preguntas frecuentes<\/h2><div  class=\"vc_toggle vc_toggle_default vc_toggle_color_default  vc_toggle_size_md\"><div class=\"vc_toggle_title\"><h2 style=\"font-size: 18px;color: #7c7c7c;line-height: 1;text-align: left;font-family:filson-pro-bold;font-weight:400;font-style:normal\" class=\"vc_custom_heading\" >\u00bfEl fr\u00edo o calor disminuye la efectividad y\/o actividad de las bacterias de Burhan\u00ae?<\/h2><i class=\"vc_toggle_icon\"><\/i><\/div><div class=\"vc_toggle_content\"><p>La temperatura es un factor importante en la efectividad de Burhan, sin embargo, esta bacteria puede conservar su efectividad en rangos de temperaturas amplios que puede ser desde los 15\u00b0 a 35\u00b0C.<\/p>\n<\/div><\/div><div  class=\"vc_toggle vc_toggle_default vc_toggle_color_default  vc_toggle_size_md\"><div class=\"vc_toggle_title\"><h2 style=\"font-size: 18px;color: #7c7c7c;line-height: 1;text-align: left;font-family:filson-pro-bold;font-weight:400;font-style:normal\" class=\"vc_custom_heading\" >\u00bfEn qu\u00e9 enfermedades se recomienda el uso de Burhan\u00ae?<\/h2><i class=\"vc_toggle_icon\"><\/i><\/div><div class=\"vc_toggle_content\"><p>Burhan\u00ae es una soluci\u00f3n que puede utilizarse en programas de manejo de enfermedades, tales como: Damping off, ra\u00edz rosada, Fusarium spp. y Phytophthora spp. Tambi\u00e9n puede utilizarse en el manejo de enfermedades que afectan cenicillas, botrytis, antracnosis, mildiu, mancha p\u00farpura, las cuales afectan el follaje o el fruto en diversos cultivos.<\/p>\n<\/div><\/div><div  class=\"vc_toggle vc_toggle_default vc_toggle_color_default  vc_toggle_size_md\"><div class=\"vc_toggle_title\"><h2 style=\"font-size: 18px;color: #7c7c7c;line-height: 1;text-align: left;font-family:filson-pro-bold;font-weight:400;font-style:normal\" class=\"vc_custom_heading\" >\u00bfCuenta con sello OMRI y registro COFEPRIS?<\/h2><i class=\"vc_toggle_icon\"><\/i><\/div><div class=\"vc_toggle_content\"><p>Burhan\u00ae cuenta con sello OMRI y registro COFEPRIS.<\/p>\n<\/div><\/div><div  class=\"vc_toggle vc_toggle_default vc_toggle_color_default  vc_toggle_size_md\"><div class=\"vc_toggle_title\"><h2 style=\"font-size: 18px;color: #7c7c7c;line-height: 1;text-align: left;font-family:filson-pro-bold;font-weight:400;font-style:normal\" class=\"vc_custom_heading\" >\u00bfCu\u00e1l es el intervalo de seguridad de Burhan\u00ae?<\/h2><i class=\"vc_toggle_icon\"><\/i><\/div><div class=\"vc_toggle_content\"><p>Cero d\u00edas de cosecha para todos los cultivos indicados en la etiqueta.<\/p>\n<\/div><\/div><\/div><\/div><\/div><div class=\"wpb_column vc_column_container vc_col-sm-2\"><div class=\"vc_column-inner\"><div class=\"wpb_wrapper\"><\/div><\/div><\/div><\/div><div class=\"vc_row wpb_row vc_inner vc_row-fluid bg-image-ps-inherit no-bg-fixed\"><div class=\"wpb_column vc_column_container vc_col-sm-12\"><div class=\"vc_column-inner\"><div class=\"wpb_wrapper\">\n\t<div class=\"wpb_text_column wpb_content_element  vc_custom_1715699854639\" >\n\t\t<div class=\"wpb_wrapper\">\n\t\t\t<p style=\"text-align: left;\"><span style=\"color: #708e41;\">Descarga ficha t\u00e9cnica<\/span><br \/>\n<span style=\"color: #708e41;\">y hoja de seguridad<\/span><\/p>\n\n\t\t<\/div>\n\t<\/div>\n<div class=\"vc_empty_space\"   style=\"height: 10px\"><span class=\"vc_empty_space_inner\"><\/span><\/div>\n\t<div class=\"wpb_text_column wpb_content_element  vc_custom_1742403500717\" >\n\t\t<div class=\"wpb_wrapper\">\n\t\t\t<p><a href=\"http:\/\/vidra.bio\/wp-content\/uploads\/2025\/03\/FT-BURHAN_VIDRA.pdf\" target=\"_blank\" rel=\"noopener\"><img decoding=\"async\" class=\"alignleft wp-image-1281 size-full lazyload\" data-src=\"http:\/\/vidra.bio\/wp-content\/uploads\/2023\/07\/btn-ft.png\" alt=\"\" width=\"66\" height=\"78\" src=\"data:image\/svg+xml;base64,PHN2ZyB3aWR0aD0iMSIgaGVpZ2h0PSIxIiB4bWxucz0iaHR0cDovL3d3dy53My5vcmcvMjAwMC9zdmciPjwvc3ZnPg==\" style=\"--smush-placeholder-width: 66px; --smush-placeholder-aspect-ratio: 66\/78;\" \/><\/a><a href=\"http:\/\/vidra.bio\/wp-content\/uploads\/2024\/11\/HDS-BURHAN-2024.pdf\" target=\"_blank\" rel=\"noopener\"><img decoding=\"async\" class=\"alignleft wp-image-1280 size-full lazyload\" data-src=\"http:\/\/vidra.bio\/wp-content\/uploads\/2023\/07\/btn-hs.png\" alt=\"\" width=\"66\" height=\"78\" src=\"data:image\/svg+xml;base64,PHN2ZyB3aWR0aD0iMSIgaGVpZ2h0PSIxIiB4bWxucz0iaHR0cDovL3d3dy53My5vcmcvMjAwMC9zdmciPjwvc3ZnPg==\" style=\"--smush-placeholder-width: 66px; --smush-placeholder-aspect-ratio: 66\/78;\" \/><\/a><\/p>\n\n\t\t<\/div>\n\t<\/div>\n<\/div><\/div><\/div><\/div><div class=\"vc_empty_space\"   style=\"height: 25px\"><span class=\"vc_empty_space_inner\"><\/span><\/div><\/div><\/div><\/div><\/div><div class=\"vc_row-full-width vc_clearfix\"><\/div>\n<\/section>","protected":false},"excerpt":{"rendered":"Burhan\u00ae Burhan\u00ae BioFungicidas Burhan\u00ae est\u00e1 formulado con esporas de Bacillus spp., las cuales producen diferentes metabolitos y enzimas con actividad fungicida. As\u00ed mismo, fitohormonas y compuestos que le permiten a la planta fijar y competir por nutrientes como nitr\u00f3geno y f\u00f3sforo. Entre los principales metabolitos producidos por esta bacteria se encuentran el Iturin, Fengicin, Surfactin, [...]","protected":false},"author":2,"featured_media":0,"parent":0,"menu_order":0,"comment_status":"closed","ping_status":"closed","template":"","meta":{"_joinchat":[],"footnotes":""},"class_list":["post-1657","page","type-page","status-publish","hentry"],"yoast_head":"<!-- This site is optimized with the Yoast SEO plugin v26.0 - https:\/\/yoast.com\/wordpress\/plugins\/seo\/ -->\n<title>Burhan | BioFungicida | Fungicida biol\u00f3gico | Vidra<\/title>\n<meta name=\"description\" content=\"Burhan es un bio fungicida formulado con esporas de Bacillus amyloliquefaciens. Entre los principales metabolitos producidos por esa bacteria se encuentran el iturin, fengicin, surfactin y bacilomycin.\" \/>\n<meta name=\"robots\" content=\"index, follow, max-snippet:-1, max-image-preview:large, max-video-preview:-1\" \/>\n<link rel=\"canonical\" href=\"https:\/\/vidra.bio\/es\/burhan\/\" \/>\n<meta property=\"og:locale\" content=\"es_MX\" \/>\n<meta property=\"og:type\" content=\"article\" \/>\n<meta property=\"og:title\" content=\"Burhan | BioFungicida | Fungicida biol\u00f3gico | Vidra\" \/>\n<meta property=\"og:description\" content=\"Burhan es un bio fungicida formulado con esporas de Bacillus amyloliquefaciens. Entre los principales metabolitos producidos por esa bacteria se encuentran el iturin, fengicin, surfactin y bacilomycin.\" \/>\n<meta property=\"og:url\" content=\"https:\/\/vidra.bio\/es\/burhan\/\" \/>\n<meta property=\"og:site_name\" content=\"Vidra\" \/>\n<meta property=\"article:modified_time\" content=\"2025-05-22T17:30:26+00:00\" \/>\n<meta property=\"og:image\" content=\"http:\/\/vidra.bio\/wp-content\/uploads\/2023\/07\/btn-ft.png\" \/>\n<meta name=\"twitter:card\" content=\"summary_large_image\" \/>\n<meta name=\"twitter:label1\" content=\"Tiempo de lectura\" \/>\n\t<meta name=\"twitter:data1\" content=\"3 minutos\" \/>\n<script type=\"application\/ld+json\" class=\"yoast-schema-graph\">{\"@context\":\"https:\/\/schema.org\",\"@graph\":[{\"@type\":\"WebPage\",\"@id\":\"https:\/\/vidra.bio\/es\/burhan\/\",\"url\":\"https:\/\/vidra.bio\/es\/burhan\/\",\"name\":\"Burhan | BioFungicida | Fungicida biol\u00f3gico | Vidra\",\"isPartOf\":{\"@id\":\"https:\/\/vidra.bio\/es\/#website\"},\"primaryImageOfPage\":{\"@id\":\"https:\/\/vidra.bio\/es\/burhan\/#primaryimage\"},\"image\":{\"@id\":\"https:\/\/vidra.bio\/es\/burhan\/#primaryimage\"},\"thumbnailUrl\":\"http:\/\/vidra.bio\/wp-content\/uploads\/2023\/07\/btn-ft.png\",\"datePublished\":\"2024-11-22T17:37:46+00:00\",\"dateModified\":\"2025-05-22T17:30:26+00:00\",\"description\":\"Burhan es un bio fungicida formulado con esporas de Bacillus amyloliquefaciens. Entre los principales metabolitos producidos por esa bacteria se encuentran el iturin, fengicin, surfactin y bacilomycin.\",\"breadcrumb\":{\"@id\":\"https:\/\/vidra.bio\/es\/burhan\/#breadcrumb\"},\"inLanguage\":\"es\",\"potentialAction\":[{\"@type\":\"ReadAction\",\"target\":[\"https:\/\/vidra.bio\/es\/burhan\/\"]}]},{\"@type\":\"ImageObject\",\"inLanguage\":\"es\",\"@id\":\"https:\/\/vidra.bio\/es\/burhan\/#primaryimage\",\"url\":\"http:\/\/vidra.bio\/wp-content\/uploads\/2023\/07\/btn-ft.png\",\"contentUrl\":\"http:\/\/vidra.bio\/wp-content\/uploads\/2023\/07\/btn-ft.png\"},{\"@type\":\"BreadcrumbList\",\"@id\":\"https:\/\/vidra.bio\/es\/burhan\/#breadcrumb\",\"itemListElement\":[{\"@type\":\"ListItem\",\"position\":1,\"name\":\"Portada\",\"item\":\"https:\/\/vidra.bio\/es\/\"},{\"@type\":\"ListItem\",\"position\":2,\"name\":\"Burhan\u00ae\"}]},{\"@type\":\"WebSite\",\"@id\":\"https:\/\/vidra.bio\/es\/#website\",\"url\":\"https:\/\/vidra.bio\/es\/\",\"name\":\"Vidra\",\"description\":\"Innovaci\u00f3n para el buen rendimiento de tu cultivo\",\"potentialAction\":[{\"@type\":\"SearchAction\",\"target\":{\"@type\":\"EntryPoint\",\"urlTemplate\":\"https:\/\/vidra.bio\/es\/?s={search_term_string}\"},\"query-input\":{\"@type\":\"PropertyValueSpecification\",\"valueRequired\":true,\"valueName\":\"search_term_string\"}}],\"inLanguage\":\"es\"}]}<\/script>\n<!-- \/ Yoast SEO plugin. -->","yoast_head_json":{"title":"Burhan | BioFungicida | Fungicida biol\u00f3gico | Vidra","description":"Burhan es un bio fungicida formulado con esporas de Bacillus amyloliquefaciens. Entre los principales metabolitos producidos por esa bacteria se encuentran el iturin, fengicin, surfactin y bacilomycin.","robots":{"index":"index","follow":"follow","max-snippet":"max-snippet:-1","max-image-preview":"max-image-preview:large","max-video-preview":"max-video-preview:-1"},"canonical":"https:\/\/vidra.bio\/es\/burhan\/","og_locale":"es_MX","og_type":"article","og_title":"Burhan | BioFungicida | Fungicida biol\u00f3gico | Vidra","og_description":"Burhan es un bio fungicida formulado con esporas de Bacillus amyloliquefaciens. Entre los principales metabolitos producidos por esa bacteria se encuentran el iturin, fengicin, surfactin y bacilomycin.","og_url":"https:\/\/vidra.bio\/es\/burhan\/","og_site_name":"Vidra","article_modified_time":"2025-05-22T17:30:26+00:00","og_image":[{"url":"http:\/\/vidra.bio\/wp-content\/uploads\/2023\/07\/btn-ft.png","type":"","width":"","height":""}],"twitter_card":"summary_large_image","twitter_misc":{"Tiempo de lectura":"3 minutos"},"schema":{"@context":"https:\/\/schema.org","@graph":[{"@type":"WebPage","@id":"https:\/\/vidra.bio\/es\/burhan\/","url":"https:\/\/vidra.bio\/es\/burhan\/","name":"Burhan | BioFungicida | Fungicida biol\u00f3gico | Vidra","isPartOf":{"@id":"https:\/\/vidra.bio\/es\/#website"},"primaryImageOfPage":{"@id":"https:\/\/vidra.bio\/es\/burhan\/#primaryimage"},"image":{"@id":"https:\/\/vidra.bio\/es\/burhan\/#primaryimage"},"thumbnailUrl":"http:\/\/vidra.bio\/wp-content\/uploads\/2023\/07\/btn-ft.png","datePublished":"2024-11-22T17:37:46+00:00","dateModified":"2025-05-22T17:30:26+00:00","description":"Burhan es un bio fungicida formulado con esporas de Bacillus amyloliquefaciens. Entre los principales metabolitos producidos por esa bacteria se encuentran el iturin, fengicin, surfactin y bacilomycin.","breadcrumb":{"@id":"https:\/\/vidra.bio\/es\/burhan\/#breadcrumb"},"inLanguage":"es","potentialAction":[{"@type":"ReadAction","target":["https:\/\/vidra.bio\/es\/burhan\/"]}]},{"@type":"ImageObject","inLanguage":"es","@id":"https:\/\/vidra.bio\/es\/burhan\/#primaryimage","url":"http:\/\/vidra.bio\/wp-content\/uploads\/2023\/07\/btn-ft.png","contentUrl":"http:\/\/vidra.bio\/wp-content\/uploads\/2023\/07\/btn-ft.png"},{"@type":"BreadcrumbList","@id":"https:\/\/vidra.bio\/es\/burhan\/#breadcrumb","itemListElement":[{"@type":"ListItem","position":1,"name":"Portada","item":"https:\/\/vidra.bio\/es\/"},{"@type":"ListItem","position":2,"name":"Burhan\u00ae"}]},{"@type":"WebSite","@id":"https:\/\/vidra.bio\/es\/#website","url":"https:\/\/vidra.bio\/es\/","name":"Vidra","description":"Innovaci\u00f3n para el buen rendimiento de tu cultivo","potentialAction":[{"@type":"SearchAction","target":{"@type":"EntryPoint","urlTemplate":"https:\/\/vidra.bio\/es\/?s={search_term_string}"},"query-input":{"@type":"PropertyValueSpecification","valueRequired":true,"valueName":"search_term_string"}}],"inLanguage":"es"}]}},"_links":{"self":[{"href":"https:\/\/vidra.bio\/es\/wp-json\/wp\/v2\/pages\/1657","targetHints":{"allow":["GET"]}}],"collection":[{"href":"https:\/\/vidra.bio\/es\/wp-json\/wp\/v2\/pages"}],"about":[{"href":"https:\/\/vidra.bio\/es\/wp-json\/wp\/v2\/types\/page"}],"author":[{"embeddable":true,"href":"https:\/\/vidra.bio\/es\/wp-json\/wp\/v2\/users\/2"}],"replies":[{"embeddable":true,"href":"https:\/\/vidra.bio\/es\/wp-json\/wp\/v2\/comments?post=1657"}],"version-history":[{"count":20,"href":"https:\/\/vidra.bio\/es\/wp-json\/wp\/v2\/pages\/1657\/revisions"}],"predecessor-version":[{"id":2334,"href":"https:\/\/vidra.bio\/es\/wp-json\/wp\/v2\/pages\/1657\/revisions\/2334"}],"wp:attachment":[{"href":"https:\/\/vidra.bio\/es\/wp-json\/wp\/v2\/media?parent=1657"}],"curies":[{"name":"wp","href":"https:\/\/api.w.org\/{rel}","templated":true}]}}